{"id":1268,"date":"2019-11-29T14:56:25","date_gmt":"2019-11-29T14:56:25","guid":{"rendered":"https:\/\/mindcare.qodeinteractive.com\/?page_id=1268"},"modified":"2024-10-10T14:26:37","modified_gmt":"2024-10-10T14:26:37","slug":"right-sidebar","status":"publish","type":"page","link":"https:\/\/braincair.com\/index.php\/right-sidebar\/","title":{"rendered":"Articles"},"content":{"rendered":"<p>[vc_row][vc_column]<div class=\"qodef-shortcode qodef-m  qodef-blog qodef--list qodef-item-layout--standard qodef-grid qodef-layout--columns  qodef-gutter--normal qodef-col-num--1 qodef-item-layout--standard qodef-pagination--on qodef-pagination-type--standard qodef-responsive--predefined\" data-options=\"{&quot;plugin&quot;:&quot;mindcare_core&quot;,&quot;module&quot;:&quot;blog\\\/shortcodes&quot;,&quot;shortcode&quot;:&quot;blog-list&quot;,&quot;post_type&quot;:&quot;post&quot;,&quot;next_page&quot;:&quot;2&quot;,&quot;max_pages_num&quot;:2,&quot;behavior&quot;:&quot;columns&quot;,&quot;images_proportion&quot;:&quot;full&quot;,&quot;columns&quot;:&quot;1&quot;,&quot;space&quot;:&quot;normal&quot;,&quot;columns_responsive&quot;:&quot;predefined&quot;,&quot;columns_1440&quot;:&quot;3&quot;,&quot;columns_1366&quot;:&quot;3&quot;,&quot;columns_1024&quot;:&quot;3&quot;,&quot;columns_768&quot;:&quot;3&quot;,&quot;columns_680&quot;:&quot;3&quot;,&quot;columns_480&quot;:&quot;3&quot;,&quot;posts_per_page&quot;:&quot;4&quot;,&quot;orderby&quot;:&quot;date&quot;,&quot;order&quot;:&quot;DESC&quot;,&quot;layout&quot;:&quot;standard&quot;,&quot;title_tag&quot;:&quot;h2&quot;,&quot;excerpt_length&quot;:&quot;280&quot;,&quot;pagination_type&quot;:&quot;standard&quot;,&quot;object_class_name&quot;:&quot;MindCareCoreBlogListShortcode&quot;,&quot;taxonomy_filter&quot;:&quot;category&quot;,&quot;space_value&quot;:15}\">\n\t\t<div class=\"qodef-grid-inner clear\">\n\t\t<article class=\"qodef-e qodef-grid-item qodef-item--full post-4040 post type-post status-publish format-standard has-post-thumbnail hentry category-le-cerveau-au-quotidien category-outils-et-ressources tag-fonctions-executives tag-neuropsychologie tag-ressources\">\n\t<div class=\"qodef-e-inner\">\n\t\t<div class=\"qodef-e-media\">\n\t\t<div class=\"qodef-e-media-image\">\n\t\t\t\t\t<a itemprop=\"url\" href=\"https:\/\/braincair.com\/index.php\/2023\/10\/29\/le-grand-orchestre-cerebral\/\">\n\t\t\t\t\t<img loading=\"lazy\" decoding=\"async\" width=\"786\" height=\"756\" src=\"https:\/\/braincair.com\/wp-content\/uploads\/2023\/10\/Image.jpeg\" class=\"attachment-full size-full wp-post-image\" alt=\"\" srcset=\"https:\/\/braincair.com\/wp-content\/uploads\/2023\/10\/Image.jpeg 786w, https:\/\/braincair.com\/wp-content\/uploads\/2023\/10\/Image-300x289.jpeg 300w, https:\/\/braincair.com\/wp-content\/uploads\/2023\/10\/Image-768x739.jpeg 768w, https:\/\/braincair.com\/wp-content\/uploads\/2023\/10\/Image-600x577.jpeg 600w\" sizes=\"auto, (max-width: 786px) 100vw, 786px\" \/>\t\t\t\t\t<\/a>\n\t\t\t<\/div>\n<\/div>\t\t<div class=\"qodef-e-content\">\n\t\t\t<div class=\"qodef-e-info qodef-info--top\">\n\t\t\t\t<div class=\"qodef-e-info-item qodef-e-info-author\">\n\t<a itemprop=\"author\" class=\"qodef-e-info-author-link\" href=\"https:\/\/braincair.com\/index.php\/author\/meryeme\/\">\n\t\tMeryeme Khaled\t<\/a>\n<\/div><div itemprop=\"dateCreated\" class=\"qodef-e-info-item qodef-e-info-date entry-date \">\n\t<a itemprop=\"url\" href=\"https:\/\/braincair.com\/index.php\/2023\/10\/\">October 29, 2023<\/a>\n\t<meta itemprop=\"interactionCount\" content=\"UserComments: 0\"\/>\n<\/div><div class=\"qodef-e-info-item qodef-e-info-category\">\n\t<a href=\"https:\/\/braincair.com\/index.php\/category\/le-cerveau-au-quotidien\/\" rel=\"category tag\">Le cerveau au quotidien<\/a>, <a href=\"https:\/\/braincair.com\/index.php\/category\/outils-et-ressources\/\" rel=\"category tag\">Outils et ressources<\/a><\/div>\t\t\t<\/div>\n\t\t\t<div class=\"qodef-e-text\">\n\t\t\t\t<h2 itemprop=\"name\" class=\"qodef-e-title entry-title\">\n\t\t\t<a itemprop=\"url\" class=\"qodef-e-title-link\" href=\"https:\/\/braincair.com\/index.php\/2023\/10\/29\/le-grand-orchestre-cerebral\/\">\n\t\t\tLe grand orchestre c\u00e9r\u00e9bral\t\t\t<\/a>\n\t<\/h2>\t\t<p itemprop=\"description\" class=\"qodef-e-excerpt\">\n\t\t\tNous sommes souvent \u00e9merveill\u00e9\u00b7e\u00b7s par la mani\u00e8re dont le chef d\u2019un orchestre coordonne chacun des musiciens pour produire une m\u00e9lodie harmonieuse. Notre cerveau agit de la m\u00eame mani\u00e8re pour orchestrer nos \u00e9motions et nos pens\u00e9es au quotidien. C\u2019est l\u00e0 le r\u00f4le des\t\t<\/p>\n\t\t\t\t<\/div>\n\t\t\t<div class=\"qodef-e-info qodef-info--bottom\">\n\t\t\t\t<div class=\"qodef-e-info-left\">\n\t\t\t\t\t\t<div class=\"qodef-e-read-more\">\n\t\t<a class=\"qodef-shortcode qodef-m  qodef-button qodef-layout--textual  qodef-html--link\" href=\"https:\/\/braincair.com\/index.php\/2023\/10\/29\/le-grand-orchestre-cerebral\/\" target=\"_self\"  >\t<span class=\"qodef-m-text\">Read More<\/span><\/a>\t<\/div>\n\t\t\t\t<\/div>\n\t\t\t\t<div class=\"qodef-e-info-right\"><\/div>\n\t\t\t<\/div>\n\t\t<\/div>\n\t<\/div>\n<\/article><article class=\"qodef-e qodef-grid-item qodef-item--full post-3998 post type-post status-publish format-standard has-post-thumbnail hentry category-blog category-enfance-et-developpement category-le-cerveau-au-quotidien tag-tdah\">\n\t<div class=\"qodef-e-inner\">\n\t\t<div class=\"qodef-e-media\">\n\t\t<div class=\"qodef-e-media-image\">\n\t\t\t\t\t<a itemprop=\"url\" href=\"https:\/\/braincair.com\/index.php\/2023\/10\/22\/le-tdah-quand-linattention-devient-un-mode-de-vie\/\">\n\t\t\t\t\t<img loading=\"lazy\" decoding=\"async\" width=\"1536\" height=\"1024\" src=\"https:\/\/braincair.com\/wp-content\/uploads\/2023\/10\/TDAH-SITE-1536x1024-1.jpg\" class=\"attachment-full size-full wp-post-image\" alt=\"\" srcset=\"https:\/\/braincair.com\/wp-content\/uploads\/2023\/10\/TDAH-SITE-1536x1024-1.jpg 1536w, https:\/\/braincair.com\/wp-content\/uploads\/2023\/10\/TDAH-SITE-1536x1024-1-300x200.jpg 300w, https:\/\/braincair.com\/wp-content\/uploads\/2023\/10\/TDAH-SITE-1536x1024-1-1024x683.jpg 1024w, https:\/\/braincair.com\/wp-content\/uploads\/2023\/10\/TDAH-SITE-1536x1024-1-768x512.jpg 768w, https:\/\/braincair.com\/wp-content\/uploads\/2023\/10\/TDAH-SITE-1536x1024-1-600x400.jpg 600w\" sizes=\"auto, (max-width: 1536px) 100vw, 1536px\" \/>\t\t\t\t\t<\/a>\n\t\t\t<\/div>\n<\/div>\t\t<div class=\"qodef-e-content\">\n\t\t\t<div class=\"qodef-e-info qodef-info--top\">\n\t\t\t\t<div class=\"qodef-e-info-item qodef-e-info-author\">\n\t<a itemprop=\"author\" class=\"qodef-e-info-author-link\" href=\"https:\/\/braincair.com\/index.php\/author\/meryeme\/\">\n\t\tMeryeme Khaled\t<\/a>\n<\/div><div itemprop=\"dateCreated\" class=\"qodef-e-info-item qodef-e-info-date entry-date \">\n\t<a itemprop=\"url\" href=\"https:\/\/braincair.com\/index.php\/2023\/10\/\">October 22, 2023<\/a>\n\t<meta itemprop=\"interactionCount\" content=\"UserComments: 0\"\/>\n<\/div><div class=\"qodef-e-info-item qodef-e-info-category\">\n\t<a href=\"https:\/\/braincair.com\/index.php\/category\/blog\/\" rel=\"category tag\">Blog<\/a>, <a href=\"https:\/\/braincair.com\/index.php\/category\/enfance-et-developpement\/\" rel=\"category tag\">Enfance et d\u00e9veloppement<\/a>, <a href=\"https:\/\/braincair.com\/index.php\/category\/le-cerveau-au-quotidien\/\" rel=\"category tag\">Le cerveau au quotidien<\/a><\/div>\t\t\t<\/div>\n\t\t\t<div class=\"qodef-e-text\">\n\t\t\t\t<h2 itemprop=\"name\" class=\"qodef-e-title entry-title\">\n\t\t\t<a itemprop=\"url\" class=\"qodef-e-title-link\" href=\"https:\/\/braincair.com\/index.php\/2023\/10\/22\/le-tdah-quand-linattention-devient-un-mode-de-vie\/\">\n\t\t\tLe TDAH : quand l&#8217;inattention devient un mode de vie.\t\t\t<\/a>\n\t<\/h2>\t\t<p itemprop=\"description\" class=\"qodef-e-excerpt\">\n\t\t\tImaginez un instant que votre cerveau amplifie chacun des stimulis du monde qui vous entoure ; notifications, emails, bruits ambiants. La tache la plus simple devient difficile \u00e0 r\u00e9aliser.&nbsp; Pour certaines personnes, il ne s\u2019agit pas d\u2019une simple imagination, mais bien \t\t<\/p>\n\t\t\t\t<\/div>\n\t\t\t<div class=\"qodef-e-info qodef-info--bottom\">\n\t\t\t\t<div class=\"qodef-e-info-left\">\n\t\t\t\t\t\t<div class=\"qodef-e-read-more\">\n\t\t<a class=\"qodef-shortcode qodef-m  qodef-button qodef-layout--textual  qodef-html--link\" href=\"https:\/\/braincair.com\/index.php\/2023\/10\/22\/le-tdah-quand-linattention-devient-un-mode-de-vie\/\" target=\"_self\"  >\t<span class=\"qodef-m-text\">Read More<\/span><\/a>\t<\/div>\n\t\t\t\t<\/div>\n\t\t\t\t<div class=\"qodef-e-info-right\"><\/div>\n\t\t\t<\/div>\n\t\t<\/div>\n\t<\/div>\n<\/article><article class=\"qodef-e qodef-grid-item qodef-item--full post-3983 post type-post status-publish format-standard has-post-thumbnail hentry category-blog category-le-cerveau-au-quotidien tag-emotions\">\n\t<div class=\"qodef-e-inner\">\n\t\t<div class=\"qodef-e-media\">\n\t\t<div class=\"qodef-e-media-image\">\n\t\t\t\t\t<a itemprop=\"url\" href=\"https:\/\/braincair.com\/index.php\/2023\/10\/15\/lalchimie-des-emotions\/\">\n\t\t\t\t\t<img loading=\"lazy\" decoding=\"async\" width=\"581\" height=\"567\" src=\"https:\/\/braincair.com\/wp-content\/uploads\/2023\/10\/BrainDiagramStressStructures.jpg\" class=\"attachment-full size-full wp-post-image\" alt=\"\" srcset=\"https:\/\/braincair.com\/wp-content\/uploads\/2023\/10\/BrainDiagramStressStructures.jpg 581w, https:\/\/braincair.com\/wp-content\/uploads\/2023\/10\/BrainDiagramStressStructures-300x293.jpg 300w\" sizes=\"auto, (max-width: 581px) 100vw, 581px\" \/>\t\t\t\t\t<\/a>\n\t\t\t<\/div>\n<\/div>\t\t<div class=\"qodef-e-content\">\n\t\t\t<div class=\"qodef-e-info qodef-info--top\">\n\t\t\t\t<div class=\"qodef-e-info-item qodef-e-info-author\">\n\t<a itemprop=\"author\" class=\"qodef-e-info-author-link\" href=\"https:\/\/braincair.com\/index.php\/author\/meryeme\/\">\n\t\tMeryeme Khaled\t<\/a>\n<\/div><div itemprop=\"dateCreated\" class=\"qodef-e-info-item qodef-e-info-date entry-date \">\n\t<a itemprop=\"url\" href=\"https:\/\/braincair.com\/index.php\/2023\/10\/\">October 15, 2023<\/a>\n\t<meta itemprop=\"interactionCount\" content=\"UserComments: 0\"\/>\n<\/div><div class=\"qodef-e-info-item qodef-e-info-category\">\n\t<a href=\"https:\/\/braincair.com\/index.php\/category\/blog\/\" rel=\"category tag\">Blog<\/a>, <a href=\"https:\/\/braincair.com\/index.php\/category\/le-cerveau-au-quotidien\/\" rel=\"category tag\">Le cerveau au quotidien<\/a><\/div>\t\t\t<\/div>\n\t\t\t<div class=\"qodef-e-text\">\n\t\t\t\t<h2 itemprop=\"name\" class=\"qodef-e-title entry-title\">\n\t\t\t<a itemprop=\"url\" class=\"qodef-e-title-link\" href=\"https:\/\/braincair.com\/index.php\/2023\/10\/15\/lalchimie-des-emotions\/\">\n\t\t\tL&#8217;alchimie des \u00e9motions\t\t\t<\/a>\n\t<\/h2>\t\t<p itemprop=\"description\" class=\"qodef-e-excerpt\">\n\t\t\tChaque jour, nous ressentons un millier d&#8217;\u00e9motions, et pourtant, nous r\u00e9ussissons \u00e0 traiter et \u00e0 r\u00e9agir \u00e0 celles-ci. Le fonctionnement de notre cerveau quant au traitement des \u00e9motions fascine depuis toujours les scientifiques. Jetons un \u0153il \u00e0 leurs d\u00e9couvertes. E\t\t<\/p>\n\t\t\t\t<\/div>\n\t\t\t<div class=\"qodef-e-info qodef-info--bottom\">\n\t\t\t\t<div class=\"qodef-e-info-left\">\n\t\t\t\t\t\t<div class=\"qodef-e-read-more\">\n\t\t<a class=\"qodef-shortcode qodef-m  qodef-button qodef-layout--textual  qodef-html--link\" href=\"https:\/\/braincair.com\/index.php\/2023\/10\/15\/lalchimie-des-emotions\/\" target=\"_self\"  >\t<span class=\"qodef-m-text\">Read More<\/span><\/a>\t<\/div>\n\t\t\t\t<\/div>\n\t\t\t\t<div class=\"qodef-e-info-right\"><\/div>\n\t\t\t<\/div>\n\t\t<\/div>\n\t<\/div>\n<\/article><article class=\"qodef-e qodef-grid-item qodef-item--full post-3977 post type-post status-publish format-standard has-post-thumbnail hentry category-blog category-questions-reponses tag-faq tag-neuropsychologie\">\n\t<div class=\"qodef-e-inner\">\n\t\t<div class=\"qodef-e-media\">\n\t\t<div class=\"qodef-e-media-image\">\n\t\t\t\t\t<a itemprop=\"url\" href=\"https:\/\/braincair.com\/index.php\/2023\/10\/08\/les-multiples-facettes-de-la-neuropsychologie\/\">\n\t\t\t\t\t<img loading=\"lazy\" decoding=\"async\" width=\"1024\" height=\"640\" src=\"https:\/\/braincair.com\/wp-content\/uploads\/2023\/10\/test-1024x684-1-edited.jpg\" class=\"attachment-full size-full wp-post-image\" alt=\"\" srcset=\"https:\/\/braincair.com\/wp-content\/uploads\/2023\/10\/test-1024x684-1-edited.jpg 1024w, https:\/\/braincair.com\/wp-content\/uploads\/2023\/10\/test-1024x684-1-edited-300x188.jpg 300w, https:\/\/braincair.com\/wp-content\/uploads\/2023\/10\/test-1024x684-1-edited-768x480.jpg 768w, https:\/\/braincair.com\/wp-content\/uploads\/2023\/10\/test-1024x684-1-edited-600x375.jpg 600w\" sizes=\"auto, (max-width: 1024px) 100vw, 1024px\" \/>\t\t\t\t\t<\/a>\n\t\t\t<\/div>\n<\/div>\t\t<div class=\"qodef-e-content\">\n\t\t\t<div class=\"qodef-e-info qodef-info--top\">\n\t\t\t\t<div class=\"qodef-e-info-item qodef-e-info-author\">\n\t<a itemprop=\"author\" class=\"qodef-e-info-author-link\" href=\"https:\/\/braincair.com\/index.php\/author\/meryeme\/\">\n\t\tMeryeme Khaled\t<\/a>\n<\/div><div itemprop=\"dateCreated\" class=\"qodef-e-info-item qodef-e-info-date entry-date \">\n\t<a itemprop=\"url\" href=\"https:\/\/braincair.com\/index.php\/2023\/10\/\">October 8, 2023<\/a>\n\t<meta itemprop=\"interactionCount\" content=\"UserComments: 0\"\/>\n<\/div><div class=\"qodef-e-info-item qodef-e-info-category\">\n\t<a href=\"https:\/\/braincair.com\/index.php\/category\/blog\/\" rel=\"category tag\">Blog<\/a>, <a href=\"https:\/\/braincair.com\/index.php\/category\/questions-reponses\/\" rel=\"category tag\">Questions \/ R\u00e9ponses<\/a><\/div>\t\t\t<\/div>\n\t\t\t<div class=\"qodef-e-text\">\n\t\t\t\t<h2 itemprop=\"name\" class=\"qodef-e-title entry-title\">\n\t\t\t<a itemprop=\"url\" class=\"qodef-e-title-link\" href=\"https:\/\/braincair.com\/index.php\/2023\/10\/08\/les-multiples-facettes-de-la-neuropsychologie\/\">\n\t\t\tLes multiples facettes de la neuropsychologie\t\t\t<\/a>\n\t<\/h2>\t\t<p itemprop=\"description\" class=\"qodef-e-excerpt\">\n\t\t\tLa neuropsychologie est cette fascinante intersection entre le cerveau et le comportement. Cette discipline consid\u00e9r\u00e9e comme le pont entre les neurosciences et la psychologie a, ces derni\u00e8res ann\u00e9es, transform\u00e9 la compr\u00e9hension de notre fonctionnement c\u00e9r\u00e9bral et psycholo\t\t<\/p>\n\t\t\t\t<\/div>\n\t\t\t<div class=\"qodef-e-info qodef-info--bottom\">\n\t\t\t\t<div class=\"qodef-e-info-left\">\n\t\t\t\t\t\t<div class=\"qodef-e-read-more\">\n\t\t<a class=\"qodef-shortcode qodef-m  qodef-button qodef-layout--textual  qodef-html--link\" href=\"https:\/\/braincair.com\/index.php\/2023\/10\/08\/les-multiples-facettes-de-la-neuropsychologie\/\" target=\"_self\"  >\t<span class=\"qodef-m-text\">Read More<\/span><\/a>\t<\/div>\n\t\t\t\t<\/div>\n\t\t\t\t<div class=\"qodef-e-info-right\"><\/div>\n\t\t\t<\/div>\n\t\t<\/div>\n\t<\/div>\n<\/article>\t<\/div>\n\t\t<div class=\"qodef-m-pagination qodef--standard\">\n\t\t<div class=\"qodef-m-pagination-inner\">\n\t\t\t<nav class=\"qodef-m-pagination-items\">\n\t\t\t\t<div class=\"qodef-m-pagination-item qodef--prev\">\n\t\t\t\t\t<a href=\"#\" data-paged=\"1\">\n\t\t\t\t\t\t<span class=\"qodef-icon-linear-icons lnr-arrow-left lnr\" ><\/span>\t\t\t\t\t<\/a>\n\t\t\t\t<\/div>\n\t\t\t\t\t\t\t\t\t<div class=\"qodef-m-pagination-item qodef--number qodef--number-1 qodef--active\">\n\t\t\t\t\t\t<a href=\"#\" data-paged=\"1\">1<\/a>\n\t\t\t\t\t<\/div>\n\t\t\t\t\t\t\t\t\t<div class=\"qodef-m-pagination-item qodef--number qodef--number-2 \">\n\t\t\t\t\t\t<a href=\"#\" data-paged=\"2\">2<\/a>\n\t\t\t\t\t<\/div>\n\t\t\t\t\t\t\t\t<div class=\"qodef-m-pagination-item qodef--next\">\n\t\t\t\t\t<a href=\"#\" data-paged=\"2\">\n\t\t\t\t\t\t<span class=\"qodef-icon-linear-icons lnr-arrow-right lnr\" ><\/span>\t\t\t\t\t<\/a>\n\t\t\t\t<\/div>\n\t\t\t<\/nav>\n\t\t<\/div>\n\t<\/div>\n<\/div>[\/vc_column][\/vc_row]<\/p>\n","protected":false},"excerpt":{"rendered":"<p>[vc_row][vc_column][\/vc_column][\/vc_row]<\/p>\n","protected":false},"author":1,"featured_media":0,"parent":0,"menu_order":0,"comment_status":"closed","ping_status":"closed","template":"","meta":{"footnotes":""},"class_list":["post-1268","page","type-page","status-publish","hentry"],"yoast_head":"<!-- This site is optimized with the Yoast SEO plugin v24.4 - https:\/\/yoast.com\/wordpress\/plugins\/seo\/ -->\n<title>Articles - BrainCair<\/title>\n<meta name=\"robots\" content=\"index, follow, max-snippet:-1, max-image-preview:large, max-video-preview:-1\" \/>\n<link rel=\"canonical\" href=\"https:\/\/braincair.com\/index.php\/right-sidebar\/\" \/>\n<meta property=\"og:locale\" content=\"en_US\" \/>\n<meta property=\"og:type\" content=\"article\" \/>\n<meta property=\"og:title\" content=\"Articles - BrainCair\" \/>\n<meta property=\"og:description\" content=\"[vc_row][vc_column][\/vc_column][\/vc_row]\" \/>\n<meta property=\"og:url\" content=\"https:\/\/braincair.com\/index.php\/right-sidebar\/\" \/>\n<meta property=\"og:site_name\" content=\"BrainCair\" \/>\n<meta property=\"article:publisher\" content=\"https:\/\/www.facebook.com\/profile.php?id=61551929916385\" \/>\n<meta property=\"article:modified_time\" content=\"2024-10-10T14:26:37+00:00\" \/>\n<meta name=\"twitter:card\" content=\"summary_large_image\" \/>\n<meta name=\"twitter:label1\" content=\"Est. reading time\" \/>\n\t<meta name=\"twitter:data1\" content=\"1 minute\" \/>\n<script type=\"application\/ld+json\" class=\"yoast-schema-graph\">{\"@context\":\"https:\/\/schema.org\",\"@graph\":[{\"@type\":\"WebPage\",\"@id\":\"https:\/\/braincair.com\/index.php\/right-sidebar\/\",\"url\":\"https:\/\/braincair.com\/index.php\/right-sidebar\/\",\"name\":\"Articles - BrainCair\",\"isPartOf\":{\"@id\":\"https:\/\/braincair.com\/#website\"},\"datePublished\":\"2019-11-29T14:56:25+00:00\",\"dateModified\":\"2024-10-10T14:26:37+00:00\",\"breadcrumb\":{\"@id\":\"https:\/\/braincair.com\/index.php\/right-sidebar\/#breadcrumb\"},\"inLanguage\":\"en-US\",\"potentialAction\":[{\"@type\":\"ReadAction\",\"target\":[\"https:\/\/braincair.com\/index.php\/right-sidebar\/\"]}]},{\"@type\":\"BreadcrumbList\",\"@id\":\"https:\/\/braincair.com\/index.php\/right-sidebar\/#breadcrumb\",\"itemListElement\":[{\"@type\":\"ListItem\",\"position\":1,\"name\":\"Home\",\"item\":\"https:\/\/braincair.com\/\"},{\"@type\":\"ListItem\",\"position\":2,\"name\":\"Articles\"}]},{\"@type\":\"WebSite\",\"@id\":\"https:\/\/braincair.com\/#website\",\"url\":\"https:\/\/braincair.com\/\",\"name\":\"BrainCair\",\"description\":\"Du myst\u00e8re de l&#039;esprit \u00e0 la maitrise de la vie\",\"publisher\":{\"@id\":\"https:\/\/braincair.com\/#organization\"},\"potentialAction\":[{\"@type\":\"SearchAction\",\"target\":{\"@type\":\"EntryPoint\",\"urlTemplate\":\"https:\/\/braincair.com\/?s={search_term_string}\"},\"query-input\":{\"@type\":\"PropertyValueSpecification\",\"valueRequired\":true,\"valueName\":\"search_term_string\"}}],\"inLanguage\":\"en-US\"},{\"@type\":\"Organization\",\"@id\":\"https:\/\/braincair.com\/#organization\",\"name\":\"BrainCair\",\"url\":\"https:\/\/braincair.com\/\",\"logo\":{\"@type\":\"ImageObject\",\"inLanguage\":\"en-US\",\"@id\":\"https:\/\/braincair.com\/#\/schema\/logo\/image\/\",\"url\":\"https:\/\/braincair.com\/wp-content\/uploads\/2024\/07\/cropped-BrainCairLogotype.png\",\"contentUrl\":\"https:\/\/braincair.com\/wp-content\/uploads\/2024\/07\/cropped-BrainCairLogotype.png\",\"width\":2481,\"height\":2481,\"caption\":\"BrainCair\"},\"image\":{\"@id\":\"https:\/\/braincair.com\/#\/schema\/logo\/image\/\"},\"sameAs\":[\"https:\/\/www.facebook.com\/profile.php?id=61551929916385\",\"https:\/\/www.instagram.com\/braincair\/\",\"https:\/\/www.linkedin.com\/company\/braincair\/\"]}]}<\/script>\n<!-- \/ Yoast SEO plugin. -->","yoast_head_json":{"title":"Articles - BrainCair","robots":{"index":"index","follow":"follow","max-snippet":"max-snippet:-1","max-image-preview":"max-image-preview:large","max-video-preview":"max-video-preview:-1"},"canonical":"https:\/\/braincair.com\/index.php\/right-sidebar\/","og_locale":"en_US","og_type":"article","og_title":"Articles - BrainCair","og_description":"[vc_row][vc_column][\/vc_column][\/vc_row]","og_url":"https:\/\/braincair.com\/index.php\/right-sidebar\/","og_site_name":"BrainCair","article_publisher":"https:\/\/www.facebook.com\/profile.php?id=61551929916385","article_modified_time":"2024-10-10T14:26:37+00:00","twitter_card":"summary_large_image","twitter_misc":{"Est. reading time":"1 minute"},"schema":{"@context":"https:\/\/schema.org","@graph":[{"@type":"WebPage","@id":"https:\/\/braincair.com\/index.php\/right-sidebar\/","url":"https:\/\/braincair.com\/index.php\/right-sidebar\/","name":"Articles - BrainCair","isPartOf":{"@id":"https:\/\/braincair.com\/#website"},"datePublished":"2019-11-29T14:56:25+00:00","dateModified":"2024-10-10T14:26:37+00:00","breadcrumb":{"@id":"https:\/\/braincair.com\/index.php\/right-sidebar\/#breadcrumb"},"inLanguage":"en-US","potentialAction":[{"@type":"ReadAction","target":["https:\/\/braincair.com\/index.php\/right-sidebar\/"]}]},{"@type":"BreadcrumbList","@id":"https:\/\/braincair.com\/index.php\/right-sidebar\/#breadcrumb","itemListElement":[{"@type":"ListItem","position":1,"name":"Home","item":"https:\/\/braincair.com\/"},{"@type":"ListItem","position":2,"name":"Articles"}]},{"@type":"WebSite","@id":"https:\/\/braincair.com\/#website","url":"https:\/\/braincair.com\/","name":"BrainCair","description":"Du myst\u00e8re de l&#039;esprit \u00e0 la maitrise de la vie","publisher":{"@id":"https:\/\/braincair.com\/#organization"},"potentialAction":[{"@type":"SearchAction","target":{"@type":"EntryPoint","urlTemplate":"https:\/\/braincair.com\/?s={search_term_string}"},"query-input":{"@type":"PropertyValueSpecification","valueRequired":true,"valueName":"search_term_string"}}],"inLanguage":"en-US"},{"@type":"Organization","@id":"https:\/\/braincair.com\/#organization","name":"BrainCair","url":"https:\/\/braincair.com\/","logo":{"@type":"ImageObject","inLanguage":"en-US","@id":"https:\/\/braincair.com\/#\/schema\/logo\/image\/","url":"https:\/\/braincair.com\/wp-content\/uploads\/2024\/07\/cropped-BrainCairLogotype.png","contentUrl":"https:\/\/braincair.com\/wp-content\/uploads\/2024\/07\/cropped-BrainCairLogotype.png","width":2481,"height":2481,"caption":"BrainCair"},"image":{"@id":"https:\/\/braincair.com\/#\/schema\/logo\/image\/"},"sameAs":["https:\/\/www.facebook.com\/profile.php?id=61551929916385","https:\/\/www.instagram.com\/braincair\/","https:\/\/www.linkedin.com\/company\/braincair\/"]}]}},"_links":{"self":[{"href":"https:\/\/braincair.com\/index.php\/wp-json\/wp\/v2\/pages\/1268","targetHints":{"allow":["GET"]}}],"collection":[{"href":"https:\/\/braincair.com\/index.php\/wp-json\/wp\/v2\/pages"}],"about":[{"href":"https:\/\/braincair.com\/index.php\/wp-json\/wp\/v2\/types\/page"}],"author":[{"embeddable":true,"href":"https:\/\/braincair.com\/index.php\/wp-json\/wp\/v2\/users\/1"}],"replies":[{"embeddable":true,"href":"https:\/\/braincair.com\/index.php\/wp-json\/wp\/v2\/comments?post=1268"}],"version-history":[{"count":5,"href":"https:\/\/braincair.com\/index.php\/wp-json\/wp\/v2\/pages\/1268\/revisions"}],"predecessor-version":[{"id":3958,"href":"https:\/\/braincair.com\/index.php\/wp-json\/wp\/v2\/pages\/1268\/revisions\/3958"}],"wp:attachment":[{"href":"https:\/\/braincair.com\/index.php\/wp-json\/wp\/v2\/media?parent=1268"}],"curies":[{"name":"wp","href":"https:\/\/api.w.org\/{rel}","templated":true}]}}