{"id":4237,"date":"2024-11-01T14:47:00","date_gmt":"2024-11-01T14:47:00","guid":{"rendered":"https:\/\/braincair.com\/?page_id=4237"},"modified":"2025-09-07T19:13:45","modified_gmt":"2025-09-07T19:13:45","slug":"accompagnements-parentaux","status":"publish","type":"page","link":"https:\/\/braincair.com\/index.php\/accompagnements-parentaux\/","title":{"rendered":"Brunchs parentaux"},"content":{"rendered":"<p>[vc_row][vc_column][vc_column_text]<\/p>\n<p style=\"text-align: center;\">Au centre BrainCair, nous comprenons les d\u00e9fis auxquels les parents sont confront\u00e9s au quotidien.<\/p>\n<p style=\"text-align: center;\">Que ce soit pour g\u00e9rer les \u00e9motions de leur enfant, comprendre le TDAH ou simplement se lib\u00e9rer de la culpabilit\u00e9 parentale, nous proposons des <strong>brunchs parentaux<\/strong> pour offrir des solutions pratiques et un espace d\u2019\u00e9change bienveillant.<\/p>\n<p style=\"text-align: center;\">Nos formations parentales combinent des conseils d\u2019experts, des discussions en groupe et des exercices concrets, le tout dans une ambiance d\u00e9tendue autour d\u2019un brunch.<\/p>\n<p>[\/vc_column_text][\/vc_column][\/vc_row][vc_row][vc_column]<div class=\"qodef-shortcode qodef-m  qodef-section-title qodef-alignment--left \">\n\t\t\t\t<h1 class=\"qodef-m-title\" >\n\t\t\t\t\tTh\u00e9matiques abord\u00e9es\t\t\t<\/h1>\n\t<\/div>[vc_empty_space]<div class=\"qodef-shortcode qodef-m Th\u00e9matiques Abord\u00e9es qodef-accordion clear qodef-behavior--accordion qodef-layout--simple \">\n\t<h4 class=\"qodef-accordion-title\">\n\t<span class=\"qodef-tab-title\">\n\t\tAider mon enfant \u00e0 g\u00e9rer ses \u00e9motions\t<\/span>\n\t<span class=\"qodef-accordion-mark\">\n\t\t<span class=\"qodef-icon--plus\">+<\/span>\n\t\t<span class=\"qodef-icon--minus\">\u2212<\/span>\n\t<\/span>\n<\/h4>\n<div class=\"qodef-accordion-content\">\n\t<div class=\"qodef-accordion-content-inner\">\n\t\t[vc_column_text]<\/p>\n<ul>\n<li>Comprendre les \u00e9motions de l\u2019enfant et leur impact sur son comportement.<\/li>\n<li>Apprendre des techniques pour l\u2019aider \u00e0 exprimer ses \u00e9motions de mani\u00e8re saine et constructive.<\/li>\n<li>Conseils pratiques pour instaurer un climat familial apais\u00e9.<\/li>\n<\/ul>\n<p>[\/vc_column_text]\t<\/div>\n<\/div><h4 class=\"qodef-accordion-title\">\n\t<span class=\"qodef-tab-title\">\n\t\tConstruire l\u2019estime de soi chez l\u2019enfant\t<\/span>\n\t<span class=\"qodef-accordion-mark\">\n\t\t<span class=\"qodef-icon--plus\">+<\/span>\n\t\t<span class=\"qodef-icon--minus\">\u2212<\/span>\n\t<\/span>\n<\/h4>\n<div class=\"qodef-accordion-content\">\n\t<div class=\"qodef-accordion-content-inner\">\n\t\t[vc_column_text]<\/p>\n<ul>\n<li>Comprendre l\u2019importance de l\u2019estime de soi pour le d\u00e9veloppement de l\u2019enfant.<\/li>\n<li>Strat\u00e9gies pour renforcer la confiance en soi par des actions et mots au quotidien.<\/li>\n<li>Activit\u00e9s ludiques pour aider l\u2019enfant \u00e0 prendre conscience de ses qualit\u00e9s.<\/li>\n<\/ul>\n<p>[\/vc_column_text]\t<\/div>\n<\/div><h4 class=\"qodef-accordion-title\">\n\t<span class=\"qodef-tab-title\">\n\t\tEncadrer l&#039;utilisation des \u00e9crans\t<\/span>\n\t<span class=\"qodef-accordion-mark\">\n\t\t<span class=\"qodef-icon--plus\">+<\/span>\n\t\t<span class=\"qodef-icon--minus\">\u2212<\/span>\n\t<\/span>\n<\/h4>\n<div class=\"qodef-accordion-content\">\n\t<div class=\"qodef-accordion-content-inner\">\n\t\t[vc_column_text]<\/p>\n<ul>\n<li>Comprendre les impacts de l\u2019usage des \u00e9crans sur le d\u00e9veloppement de l\u2019enfant.<\/li>\n<li>Apprendre des techniques pour r\u00e9guler le temps d\u2019\u00e9cran en famille.<\/li>\n<li>Conseils pratiques pour encourager des activit\u00e9s alternatives enrichissantes.<\/li>\n<\/ul>\n<p>[\/vc_column_text]\t<\/div>\n<\/div><h4 class=\"qodef-accordion-title\">\n\t<span class=\"qodef-tab-title\">\n\t\tMon enfant et le TDAH : Comment l\u2019accompagner ?\t<\/span>\n\t<span class=\"qodef-accordion-mark\">\n\t\t<span class=\"qodef-icon--plus\">+<\/span>\n\t\t<span class=\"qodef-icon--minus\">\u2212<\/span>\n\t<\/span>\n<\/h4>\n<div class=\"qodef-accordion-content\">\n\t<div class=\"qodef-accordion-content-inner\">\n\t\t[vc_column_text]<\/p>\n<ul>\n<li>D\u00e9couvrir les sp\u00e9cificit\u00e9s du TDAH et les besoins particuliers de l\u2019enfant.<\/li>\n<li>Strat\u00e9gies pour am\u00e9liorer la concentration et la gestion des \u00e9motions chez l\u2019enfant.<\/li>\n<li>Conseils pour renforcer l\u2019estime de soi de l\u2019enfant et favoriser un environnement de soutien.<\/li>\n<\/ul>\n<p>[\/vc_column_text]\t<\/div>\n<\/div><h4 class=\"qodef-accordion-title\">\n\t<span class=\"qodef-tab-title\">\n\t\tPr\u00e9venir et g\u00e9rer le harc\u00e8lement scolaire\t<\/span>\n\t<span class=\"qodef-accordion-mark\">\n\t\t<span class=\"qodef-icon--plus\">+<\/span>\n\t\t<span class=\"qodef-icon--minus\">\u2212<\/span>\n\t<\/span>\n<\/h4>\n<div class=\"qodef-accordion-content\">\n\t<div class=\"qodef-accordion-content-inner\">\n\t\t[vc_column_text]<\/p>\n<ul>\n<li>Identifier les signes de harc\u00e8lement et comprendre ses effets sur l\u2019enfant.<\/li>\n<li>Strat\u00e9gies pour soutenir un enfant victime ou t\u00e9moin de harc\u00e8lement.<\/li>\n<li>Conseils pour renforcer la r\u00e9silience de l\u2019enfant et sa confiance en lui.<\/li>\n<\/ul>\n<p>[\/vc_column_text]\t<\/div>\n<\/div><h4 class=\"qodef-accordion-title\">\n\t<span class=\"qodef-tab-title\">\n\t\tSe lib\u00e9rer de la culpabilit\u00e9 parentale\t<\/span>\n\t<span class=\"qodef-accordion-mark\">\n\t\t<span class=\"qodef-icon--plus\">+<\/span>\n\t\t<span class=\"qodef-icon--minus\">\u2212<\/span>\n\t<\/span>\n<\/h4>\n<div class=\"qodef-accordion-content\">\n\t<div class=\"qodef-accordion-content-inner\">\n\t\t[vc_column_text]<\/p>\n<ul>\n<li>Comprendre les origines de la culpabilit\u00e9 parentale et ses impacts.<\/li>\n<li>Techniques pour prendre du recul et renforcer la confiance en soi en tant que parent.<\/li>\n<li>Exercices pratiques pour apprendre \u00e0 se d\u00e9tacher des jugements et \u00e0 se recentrer sur l\u2019essentiel.<\/li>\n<\/ul>\n<p>[\/vc_column_text]\t<\/div>\n<\/div><\/div>[vc_empty_space][\/vc_column][\/vc_row][vc_row row_content_width=&#8221;grid&#8221; content_text_alignment=&#8221;center&#8221;][vc_column]<div class=\"qodef-shortcode qodef-m  qodef-section-title qodef-alignment--left \">\n\t\t\t\t<h1 class=\"qodef-m-title\" >\n\t\t\t\t\tInfos pratiques\t\t\t<\/h1>\n\t\t<div class=\"qodef-m-text\" >Lieu : Centre BrainCair<br \/>\nHoraires : Brunch de 10h \u00e0 12h<br \/>\nParticipation : Inscription requise (places limit\u00e9es pour favoriser les \u00e9changes)<br \/>\nContact et inscription : info@braincair.com<\/div>\n<\/div>[vc_empty_space][vc_column_text]<\/p>\n<p style=\"text-align: center;\">Nos brunchs parentaux sont con\u00e7us pour offrir aux parents un soutien bienveillant et des outils concrets pour faire face aux d\u00e9fis quotidiens. Rejoignez-nous pour apprendre, \u00e9changer et trouver des r\u00e9ponses adapt\u00e9es aux besoins de votre famille.<\/p>\n<p>[\/vc_column_text][\/vc_column][\/vc_row][vc_row row_content_width=&#8221;grid&#8221; content_text_alignment=&#8221;center&#8221;][vc_column][vc_empty_space][vc_empty_space][vc_gmaps link=&#8221;#E-8_JTNDaWZyYW1lJTIwc3JjJTNEJTIyaHR0cHMlM0ElMkYlMkZ3d3cuZ29vZ2xlLmNvbSUyRm1hcHMlMkZlbWJlZCUzRnBiJTNEJTIxMW0xOCUyMTFtMTIlMjExbTMlMjExZDYyOS43NTAzMzE3MDQ1NDM3JTIxMmQ0LjM2MzU0OTM2OTcwMTEzMyUyMTNkNTAuODQ5NjU5Njk4MjI5NDI0JTIxMm0zJTIxMWYwJTIxMmYwJTIxM2YwJTIxM20yJTIxMWkxMDI0JTIxMmk3NjglMjE0ZjEzLjElMjEzbTMlMjExbTIlMjExczB4NDdjM2MzMmNkMjZiOWU2NSUyNTNBMHg0YjM1NjllNGJlMDExYzBlJTIxMnNCcmFpbkNhaXIlMjUyMEJydXhlbGxlcyUyMTVlMCUyMTNtMiUyMTFzZnIlMjEyc2JlJTIxNHYxNzU2ODg4NjI5NjA0JTIxNW0yJTIxMXNmciUyMTJzYmUlMjIlMjB3aWR0aCUzRCUyMjYwMCUyMiUyMGhlaWdodCUzRCUyMjQ1MCUyMiUyMHN0eWxlJTNEJTIyYm9yZGVyJTNBMCUzQiUyMiUyMGFsbG93ZnVsbHNjcmVlbiUzRCUyMiUyMiUyMGxvYWRpbmclM0QlMjJsYXp5JTIyJTIwcmVmZXJyZXJwb2xpY3klM0QlMjJuby1yZWZlcnJlci13aGVuLWRvd25ncmFkZSUyMiUzRSUzQyUyRmlmcmFtZSUzRQ==&#8221; title=&#8221;BrainCair Bruxelles &#8220;][\/vc_column][\/vc_row]<\/p>\n","protected":false},"excerpt":{"rendered":"<p>[vc_row][vc_column][vc_column_text] Au centre BrainCair, nous comprenons les d\u00e9fis auxquels les parents sont confront\u00e9s au quotidien. Que ce soit pour g\u00e9rer les \u00e9motions de leur enfant, comprendre le TDAH ou simplement se lib\u00e9rer de la culpabilit\u00e9 parentale, nous proposons des brunchs parentaux pour offrir des solutions pratiques et un espace d\u2019\u00e9change bienveillant. Nos formations parentales combinent [&hellip;]<\/p>\n","protected":false},"author":2,"featured_media":0,"parent":0,"menu_order":0,"comment_status":"closed","ping_status":"closed","template":"","meta":{"footnotes":""},"class_list":["post-4237","page","type-page","status-publish","hentry"],"yoast_head":"<!-- This site is optimized with the Yoast SEO plugin v24.4 - https:\/\/yoast.com\/wordpress\/plugins\/seo\/ -->\n<title>Brunchs parentaux - BrainCair<\/title>\n<meta name=\"robots\" content=\"index, follow, max-snippet:-1, max-image-preview:large, max-video-preview:-1\" \/>\n<link rel=\"canonical\" href=\"https:\/\/braincair.com\/index.php\/accompagnements-parentaux\/\" \/>\n<meta property=\"og:locale\" content=\"en_US\" \/>\n<meta property=\"og:type\" content=\"article\" \/>\n<meta property=\"og:title\" content=\"Brunchs parentaux - BrainCair\" \/>\n<meta property=\"og:description\" content=\"[vc_row][vc_column][vc_column_text] Au centre BrainCair, nous comprenons les d\u00e9fis auxquels les parents sont confront\u00e9s au quotidien. Que ce soit pour g\u00e9rer les \u00e9motions de leur enfant, comprendre le TDAH ou simplement se lib\u00e9rer de la culpabilit\u00e9 parentale, nous proposons des brunchs parentaux pour offrir des solutions pratiques et un espace d\u2019\u00e9change bienveillant. Nos formations parentales combinent [&hellip;]\" \/>\n<meta property=\"og:url\" content=\"https:\/\/braincair.com\/index.php\/accompagnements-parentaux\/\" \/>\n<meta property=\"og:site_name\" content=\"BrainCair\" \/>\n<meta property=\"article:publisher\" content=\"https:\/\/www.facebook.com\/profile.php?id=61551929916385\" \/>\n<meta property=\"article:modified_time\" content=\"2025-09-07T19:13:45+00:00\" \/>\n<meta name=\"twitter:card\" content=\"summary_large_image\" \/>\n<meta name=\"twitter:label1\" content=\"Est. reading time\" \/>\n\t<meta name=\"twitter:data1\" content=\"2 minutes\" \/>\n<script type=\"application\/ld+json\" class=\"yoast-schema-graph\">{\"@context\":\"https:\/\/schema.org\",\"@graph\":[{\"@type\":\"WebPage\",\"@id\":\"https:\/\/braincair.com\/index.php\/accompagnements-parentaux\/\",\"url\":\"https:\/\/braincair.com\/index.php\/accompagnements-parentaux\/\",\"name\":\"Brunchs parentaux - BrainCair\",\"isPartOf\":{\"@id\":\"https:\/\/braincair.com\/#website\"},\"datePublished\":\"2024-11-01T14:47:00+00:00\",\"dateModified\":\"2025-09-07T19:13:45+00:00\",\"breadcrumb\":{\"@id\":\"https:\/\/braincair.com\/index.php\/accompagnements-parentaux\/#breadcrumb\"},\"inLanguage\":\"en-US\",\"potentialAction\":[{\"@type\":\"ReadAction\",\"target\":[\"https:\/\/braincair.com\/index.php\/accompagnements-parentaux\/\"]}]},{\"@type\":\"BreadcrumbList\",\"@id\":\"https:\/\/braincair.com\/index.php\/accompagnements-parentaux\/#breadcrumb\",\"itemListElement\":[{\"@type\":\"ListItem\",\"position\":1,\"name\":\"Home\",\"item\":\"https:\/\/braincair.com\/\"},{\"@type\":\"ListItem\",\"position\":2,\"name\":\"Brunchs parentaux\"}]},{\"@type\":\"WebSite\",\"@id\":\"https:\/\/braincair.com\/#website\",\"url\":\"https:\/\/braincair.com\/\",\"name\":\"BrainCair\",\"description\":\"Du myst\u00e8re de l&#039;esprit \u00e0 la maitrise de la vie\",\"publisher\":{\"@id\":\"https:\/\/braincair.com\/#organization\"},\"potentialAction\":[{\"@type\":\"SearchAction\",\"target\":{\"@type\":\"EntryPoint\",\"urlTemplate\":\"https:\/\/braincair.com\/?s={search_term_string}\"},\"query-input\":{\"@type\":\"PropertyValueSpecification\",\"valueRequired\":true,\"valueName\":\"search_term_string\"}}],\"inLanguage\":\"en-US\"},{\"@type\":\"Organization\",\"@id\":\"https:\/\/braincair.com\/#organization\",\"name\":\"BrainCair\",\"url\":\"https:\/\/braincair.com\/\",\"logo\":{\"@type\":\"ImageObject\",\"inLanguage\":\"en-US\",\"@id\":\"https:\/\/braincair.com\/#\/schema\/logo\/image\/\",\"url\":\"https:\/\/braincair.com\/wp-content\/uploads\/2024\/07\/cropped-BrainCairLogotype.png\",\"contentUrl\":\"https:\/\/braincair.com\/wp-content\/uploads\/2024\/07\/cropped-BrainCairLogotype.png\",\"width\":2481,\"height\":2481,\"caption\":\"BrainCair\"},\"image\":{\"@id\":\"https:\/\/braincair.com\/#\/schema\/logo\/image\/\"},\"sameAs\":[\"https:\/\/www.facebook.com\/profile.php?id=61551929916385\",\"https:\/\/www.instagram.com\/braincair\/\",\"https:\/\/www.linkedin.com\/company\/braincair\/\"]}]}<\/script>\n<!-- \/ Yoast SEO plugin. -->","yoast_head_json":{"title":"Brunchs parentaux - BrainCair","robots":{"index":"index","follow":"follow","max-snippet":"max-snippet:-1","max-image-preview":"max-image-preview:large","max-video-preview":"max-video-preview:-1"},"canonical":"https:\/\/braincair.com\/index.php\/accompagnements-parentaux\/","og_locale":"en_US","og_type":"article","og_title":"Brunchs parentaux - BrainCair","og_description":"[vc_row][vc_column][vc_column_text] Au centre BrainCair, nous comprenons les d\u00e9fis auxquels les parents sont confront\u00e9s au quotidien. Que ce soit pour g\u00e9rer les \u00e9motions de leur enfant, comprendre le TDAH ou simplement se lib\u00e9rer de la culpabilit\u00e9 parentale, nous proposons des brunchs parentaux pour offrir des solutions pratiques et un espace d\u2019\u00e9change bienveillant. Nos formations parentales combinent [&hellip;]","og_url":"https:\/\/braincair.com\/index.php\/accompagnements-parentaux\/","og_site_name":"BrainCair","article_publisher":"https:\/\/www.facebook.com\/profile.php?id=61551929916385","article_modified_time":"2025-09-07T19:13:45+00:00","twitter_card":"summary_large_image","twitter_misc":{"Est. reading time":"2 minutes"},"schema":{"@context":"https:\/\/schema.org","@graph":[{"@type":"WebPage","@id":"https:\/\/braincair.com\/index.php\/accompagnements-parentaux\/","url":"https:\/\/braincair.com\/index.php\/accompagnements-parentaux\/","name":"Brunchs parentaux - BrainCair","isPartOf":{"@id":"https:\/\/braincair.com\/#website"},"datePublished":"2024-11-01T14:47:00+00:00","dateModified":"2025-09-07T19:13:45+00:00","breadcrumb":{"@id":"https:\/\/braincair.com\/index.php\/accompagnements-parentaux\/#breadcrumb"},"inLanguage":"en-US","potentialAction":[{"@type":"ReadAction","target":["https:\/\/braincair.com\/index.php\/accompagnements-parentaux\/"]}]},{"@type":"BreadcrumbList","@id":"https:\/\/braincair.com\/index.php\/accompagnements-parentaux\/#breadcrumb","itemListElement":[{"@type":"ListItem","position":1,"name":"Home","item":"https:\/\/braincair.com\/"},{"@type":"ListItem","position":2,"name":"Brunchs parentaux"}]},{"@type":"WebSite","@id":"https:\/\/braincair.com\/#website","url":"https:\/\/braincair.com\/","name":"BrainCair","description":"Du myst\u00e8re de l&#039;esprit \u00e0 la maitrise de la vie","publisher":{"@id":"https:\/\/braincair.com\/#organization"},"potentialAction":[{"@type":"SearchAction","target":{"@type":"EntryPoint","urlTemplate":"https:\/\/braincair.com\/?s={search_term_string}"},"query-input":{"@type":"PropertyValueSpecification","valueRequired":true,"valueName":"search_term_string"}}],"inLanguage":"en-US"},{"@type":"Organization","@id":"https:\/\/braincair.com\/#organization","name":"BrainCair","url":"https:\/\/braincair.com\/","logo":{"@type":"ImageObject","inLanguage":"en-US","@id":"https:\/\/braincair.com\/#\/schema\/logo\/image\/","url":"https:\/\/braincair.com\/wp-content\/uploads\/2024\/07\/cropped-BrainCairLogotype.png","contentUrl":"https:\/\/braincair.com\/wp-content\/uploads\/2024\/07\/cropped-BrainCairLogotype.png","width":2481,"height":2481,"caption":"BrainCair"},"image":{"@id":"https:\/\/braincair.com\/#\/schema\/logo\/image\/"},"sameAs":["https:\/\/www.facebook.com\/profile.php?id=61551929916385","https:\/\/www.instagram.com\/braincair\/","https:\/\/www.linkedin.com\/company\/braincair\/"]}]}},"_links":{"self":[{"href":"https:\/\/braincair.com\/index.php\/wp-json\/wp\/v2\/pages\/4237","targetHints":{"allow":["GET"]}}],"collection":[{"href":"https:\/\/braincair.com\/index.php\/wp-json\/wp\/v2\/pages"}],"about":[{"href":"https:\/\/braincair.com\/index.php\/wp-json\/wp\/v2\/types\/page"}],"author":[{"embeddable":true,"href":"https:\/\/braincair.com\/index.php\/wp-json\/wp\/v2\/users\/2"}],"replies":[{"embeddable":true,"href":"https:\/\/braincair.com\/index.php\/wp-json\/wp\/v2\/comments?post=4237"}],"version-history":[{"count":12,"href":"https:\/\/braincair.com\/index.php\/wp-json\/wp\/v2\/pages\/4237\/revisions"}],"predecessor-version":[{"id":4727,"href":"https:\/\/braincair.com\/index.php\/wp-json\/wp\/v2\/pages\/4237\/revisions\/4727"}],"wp:attachment":[{"href":"https:\/\/braincair.com\/index.php\/wp-json\/wp\/v2\/media?parent=4237"}],"curies":[{"name":"wp","href":"https:\/\/api.w.org\/{rel}","templated":true}]}}