{"id":4244,"date":"2024-11-01T15:06:47","date_gmt":"2024-11-01T15:06:47","guid":{"rendered":"https:\/\/braincair.com\/?page_id=4244"},"modified":"2024-11-26T00:22:29","modified_gmt":"2024-11-26T00:22:29","slug":"professionnel-les","status":"publish","type":"page","link":"https:\/\/braincair.com\/index.php\/professionnel-les\/","title":{"rendered":"Professionnel\u00b7les"},"content":{"rendered":"<p>[vc_row row_content_width=&#8221;grid&#8221; content_text_alignment=&#8221;center&#8221;][vc_column][vc_column_text]<\/p>\n<p style=\"text-align: center;\">Professionnel\u00b7les ?<\/p>\n<p style=\"text-align: center;\">Explorez les nombreuses <strong>opportunit\u00e9s<\/strong> de collaboration et d\u2019apprentissage offertes par notre centre !<\/p>\n<p>[\/vc_column_text][vc_empty_space]<a class=\"qodef-shortcode qodef-m  qodef-button qodef-layout--filled  qodef-html--link\" href=\"https:\/\/braincair.com\/index.php\/candidature\/\" target=\"_self\"  >\n\t<span class=\"qodef-m-text\">Rejoignez notre \u00e9quipe !<\/span>\n<\/a>[vc_empty_space][vc_empty_space]<div class=\"qodef-shortcode qodef-m  qodef-separator clear \">\n\t<div class=\"qodef-m-line\" ><\/div>\n<\/div>[\/vc_column][\/vc_row][vc_row][vc_column]<div class=\"qodef-shortcode qodef-m  qodef-icon-with-text qodef-layout--before-content qodef--icon-pack qodef--has-appear-animation\">\n\t<div class=\"qodef-m-icon-wrapper\">\n\t\t<span class=\"qodef-shortcode qodef-m  qodef-icon-holder qodef-size--default qodef-layout--normal\"  >\t\t\t<a itemprop=\"url\" href=\"https:\/\/braincair.com\/index.php\/stages\/\" target=\"_self\">            <span class=\"qodef-icon-elegant-icons icon_book qodef-icon qodef-e\" style=\"\" ><\/span>            <\/a>\t<\/span>\t<\/div>\n\t<div class=\"qodef-m-content\">\n\t\t\t<h3 class=\"qodef-m-title\" >\n\t\t\t\t\t<a itemprop=\"url\" href=\"https:\/\/braincair.com\/index.php\/stages\/\" target=\"_self\">\n\t\t\t\t\t<span class=\"qodef-m-title-text\">Stages<\/span>\n\t\t\t\t\t<\/a>\n\t\t\t<\/h3>\n\t\t\t<\/div>\n<\/div>[vc_column_text]<\/p>\n<p style=\"padding-left: 40px;\">Nous offrons aux \u00e9tudiant\u00b7es des diff\u00e9rentes professions du centre l&#8217;opportunit\u00e9 de r\u00e9aliser des stages immersifs au sein de notre \u00e9quipe.<\/p>\n<p style=\"padding-left: 40px;\">Les stages permettent de d\u00e9couvrir la pratique clinique en milieu pluridisciplinaire, b\u00e9n\u00e9ficier d\u2019un encadrement personnalis\u00e9, et de participer activement aux projets du centre.<\/p>\n<p>[\/vc_column_text]<div class=\"qodef-shortcode qodef-m  qodef-separator clear \">\n\t<div class=\"qodef-m-line\" ><\/div>\n<\/div>[\/vc_column][\/vc_row][vc_row][vc_column]<div class=\"qodef-shortcode qodef-m  qodef-icon-with-text qodef-layout--before-content qodef--icon-pack qodef--has-appear-animation\">\n\t<div class=\"qodef-m-icon-wrapper\">\n\t\t<span class=\"qodef-shortcode qodef-m  qodef-icon-holder qodef-size--default qodef-layout--normal\"  >\t\t\t<a itemprop=\"url\" href=\"https:\/\/braincair.com\/index.php\/supervisions\/\" target=\"_self\">            <span class=\"qodef-icon-elegant-icons icon_book qodef-icon qodef-e\" style=\"\" ><\/span>            <\/a>\t<\/span>\t<\/div>\n\t<div class=\"qodef-m-content\">\n\t\t\t<h3 class=\"qodef-m-title\" >\n\t\t\t\t\t<a itemprop=\"url\" href=\"https:\/\/braincair.com\/index.php\/supervisions\/\" target=\"_self\">\n\t\t\t\t\t<span class=\"qodef-m-title-text\">Supervisions<\/span>\n\t\t\t\t\t<\/a>\n\t\t\t<\/h3>\n\t\t\t<\/div>\n<\/div>[vc_column_text]<\/p>\n<p style=\"padding-left: 40px;\">Pour les professionnel\u00b7les de la sant\u00e9, nous proposons des supervisions individuelles ou en groupe, encadr\u00e9es par des expert\u00b7es exp\u00e9riment\u00e9\u00b7es.<\/p>\n<p style=\"padding-left: 40px;\">Ces sessions offrent :<br \/>\n&#8211; Un espace de r\u00e9flexion sur vos pratiques.<br \/>\n&#8211; Des conseils pratiques pour les cas complexes.<br \/>\n&#8211; Un accompagnement dans le d\u00e9veloppement de vos comp\u00e9tences<\/p>\n<p>[\/vc_column_text]<div class=\"qodef-shortcode qodef-m  qodef-separator clear \">\n\t<div class=\"qodef-m-line\" ><\/div>\n<\/div>[\/vc_column][\/vc_row][vc_row][vc_column width=&#8221;1\/3&#8243;][\/vc_column][vc_column width=&#8221;1\/3&#8243;][vc_empty_space][vc_empty_space][\/vc_column][vc_column width=&#8221;1\/3&#8243;][\/vc_column][\/vc_row]<\/p>\n","protected":false},"excerpt":{"rendered":"<p>[vc_row row_content_width=&#8221;grid&#8221; content_text_alignment=&#8221;center&#8221;][vc_column][vc_column_text] Professionnel\u00b7les ? Explorez les nombreuses opportunit\u00e9s de collaboration et d\u2019apprentissage offertes par notre centre ! [\/vc_column_text][vc_empty_space][vc_empty_space][vc_empty_space][\/vc_column][\/vc_row][vc_row][vc_column][vc_column_text] Nous offrons aux \u00e9tudiant\u00b7es des diff\u00e9rentes professions du centre l&#8217;opportunit\u00e9 de r\u00e9aliser des stages immersifs au sein de notre \u00e9quipe. Les stages permettent de d\u00e9couvrir la pratique clinique en milieu pluridisciplinaire, b\u00e9n\u00e9ficier d\u2019un encadrement personnalis\u00e9, et [&hellip;]<\/p>\n","protected":false},"author":2,"featured_media":0,"parent":0,"menu_order":0,"comment_status":"closed","ping_status":"closed","template":"","meta":{"footnotes":""},"class_list":["post-4244","page","type-page","status-publish","hentry"],"yoast_head":"<!-- This site is optimized with the Yoast SEO plugin v24.4 - https:\/\/yoast.com\/wordpress\/plugins\/seo\/ -->\n<title>Professionnel\u00b7les - BrainCair<\/title>\n<meta name=\"robots\" content=\"index, follow, max-snippet:-1, max-image-preview:large, max-video-preview:-1\" \/>\n<link rel=\"canonical\" href=\"https:\/\/braincair.com\/index.php\/professionnel-les\/\" \/>\n<meta property=\"og:locale\" content=\"en_US\" \/>\n<meta property=\"og:type\" content=\"article\" \/>\n<meta property=\"og:title\" content=\"Professionnel\u00b7les - BrainCair\" \/>\n<meta property=\"og:description\" content=\"[vc_row row_content_width=&#8221;grid&#8221; content_text_alignment=&#8221;center&#8221;][vc_column][vc_column_text] Professionnel\u00b7les ? Explorez les nombreuses opportunit\u00e9s de collaboration et d\u2019apprentissage offertes par notre centre ! [\/vc_column_text][vc_empty_space][vc_empty_space][vc_empty_space][\/vc_column][\/vc_row][vc_row][vc_column][vc_column_text] Nous offrons aux \u00e9tudiant\u00b7es des diff\u00e9rentes professions du centre l&#8217;opportunit\u00e9 de r\u00e9aliser des stages immersifs au sein de notre \u00e9quipe. Les stages permettent de d\u00e9couvrir la pratique clinique en milieu pluridisciplinaire, b\u00e9n\u00e9ficier d\u2019un encadrement personnalis\u00e9, et [&hellip;]\" \/>\n<meta property=\"og:url\" content=\"https:\/\/braincair.com\/index.php\/professionnel-les\/\" \/>\n<meta property=\"og:site_name\" content=\"BrainCair\" \/>\n<meta property=\"article:publisher\" content=\"https:\/\/www.facebook.com\/profile.php?id=61551929916385\" \/>\n<meta property=\"article:modified_time\" content=\"2024-11-26T00:22:29+00:00\" \/>\n<meta name=\"twitter:card\" content=\"summary_large_image\" \/>\n<meta name=\"twitter:label1\" content=\"Est. reading time\" \/>\n\t<meta name=\"twitter:data1\" content=\"1 minute\" \/>\n<script type=\"application\/ld+json\" class=\"yoast-schema-graph\">{\"@context\":\"https:\/\/schema.org\",\"@graph\":[{\"@type\":\"WebPage\",\"@id\":\"https:\/\/braincair.com\/index.php\/professionnel-les\/\",\"url\":\"https:\/\/braincair.com\/index.php\/professionnel-les\/\",\"name\":\"Professionnel\u00b7les - BrainCair\",\"isPartOf\":{\"@id\":\"https:\/\/braincair.com\/#website\"},\"datePublished\":\"2024-11-01T15:06:47+00:00\",\"dateModified\":\"2024-11-26T00:22:29+00:00\",\"breadcrumb\":{\"@id\":\"https:\/\/braincair.com\/index.php\/professionnel-les\/#breadcrumb\"},\"inLanguage\":\"en-US\",\"potentialAction\":[{\"@type\":\"ReadAction\",\"target\":[\"https:\/\/braincair.com\/index.php\/professionnel-les\/\"]}]},{\"@type\":\"BreadcrumbList\",\"@id\":\"https:\/\/braincair.com\/index.php\/professionnel-les\/#breadcrumb\",\"itemListElement\":[{\"@type\":\"ListItem\",\"position\":1,\"name\":\"Home\",\"item\":\"https:\/\/braincair.com\/\"},{\"@type\":\"ListItem\",\"position\":2,\"name\":\"Professionnel\u00b7les\"}]},{\"@type\":\"WebSite\",\"@id\":\"https:\/\/braincair.com\/#website\",\"url\":\"https:\/\/braincair.com\/\",\"name\":\"BrainCair\",\"description\":\"Du myst\u00e8re de l&#039;esprit \u00e0 la maitrise de la vie\",\"publisher\":{\"@id\":\"https:\/\/braincair.com\/#organization\"},\"potentialAction\":[{\"@type\":\"SearchAction\",\"target\":{\"@type\":\"EntryPoint\",\"urlTemplate\":\"https:\/\/braincair.com\/?s={search_term_string}\"},\"query-input\":{\"@type\":\"PropertyValueSpecification\",\"valueRequired\":true,\"valueName\":\"search_term_string\"}}],\"inLanguage\":\"en-US\"},{\"@type\":\"Organization\",\"@id\":\"https:\/\/braincair.com\/#organization\",\"name\":\"BrainCair\",\"url\":\"https:\/\/braincair.com\/\",\"logo\":{\"@type\":\"ImageObject\",\"inLanguage\":\"en-US\",\"@id\":\"https:\/\/braincair.com\/#\/schema\/logo\/image\/\",\"url\":\"https:\/\/braincair.com\/wp-content\/uploads\/2024\/07\/cropped-BrainCairLogotype.png\",\"contentUrl\":\"https:\/\/braincair.com\/wp-content\/uploads\/2024\/07\/cropped-BrainCairLogotype.png\",\"width\":2481,\"height\":2481,\"caption\":\"BrainCair\"},\"image\":{\"@id\":\"https:\/\/braincair.com\/#\/schema\/logo\/image\/\"},\"sameAs\":[\"https:\/\/www.facebook.com\/profile.php?id=61551929916385\",\"https:\/\/www.instagram.com\/braincair\/\",\"https:\/\/www.linkedin.com\/company\/braincair\/\"]}]}<\/script>\n<!-- \/ Yoast SEO plugin. -->","yoast_head_json":{"title":"Professionnel\u00b7les - BrainCair","robots":{"index":"index","follow":"follow","max-snippet":"max-snippet:-1","max-image-preview":"max-image-preview:large","max-video-preview":"max-video-preview:-1"},"canonical":"https:\/\/braincair.com\/index.php\/professionnel-les\/","og_locale":"en_US","og_type":"article","og_title":"Professionnel\u00b7les - BrainCair","og_description":"[vc_row row_content_width=&#8221;grid&#8221; content_text_alignment=&#8221;center&#8221;][vc_column][vc_column_text] Professionnel\u00b7les ? Explorez les nombreuses opportunit\u00e9s de collaboration et d\u2019apprentissage offertes par notre centre ! [\/vc_column_text][vc_empty_space][vc_empty_space][vc_empty_space][\/vc_column][\/vc_row][vc_row][vc_column][vc_column_text] Nous offrons aux \u00e9tudiant\u00b7es des diff\u00e9rentes professions du centre l&#8217;opportunit\u00e9 de r\u00e9aliser des stages immersifs au sein de notre \u00e9quipe. Les stages permettent de d\u00e9couvrir la pratique clinique en milieu pluridisciplinaire, b\u00e9n\u00e9ficier d\u2019un encadrement personnalis\u00e9, et [&hellip;]","og_url":"https:\/\/braincair.com\/index.php\/professionnel-les\/","og_site_name":"BrainCair","article_publisher":"https:\/\/www.facebook.com\/profile.php?id=61551929916385","article_modified_time":"2024-11-26T00:22:29+00:00","twitter_card":"summary_large_image","twitter_misc":{"Est. reading time":"1 minute"},"schema":{"@context":"https:\/\/schema.org","@graph":[{"@type":"WebPage","@id":"https:\/\/braincair.com\/index.php\/professionnel-les\/","url":"https:\/\/braincair.com\/index.php\/professionnel-les\/","name":"Professionnel\u00b7les - BrainCair","isPartOf":{"@id":"https:\/\/braincair.com\/#website"},"datePublished":"2024-11-01T15:06:47+00:00","dateModified":"2024-11-26T00:22:29+00:00","breadcrumb":{"@id":"https:\/\/braincair.com\/index.php\/professionnel-les\/#breadcrumb"},"inLanguage":"en-US","potentialAction":[{"@type":"ReadAction","target":["https:\/\/braincair.com\/index.php\/professionnel-les\/"]}]},{"@type":"BreadcrumbList","@id":"https:\/\/braincair.com\/index.php\/professionnel-les\/#breadcrumb","itemListElement":[{"@type":"ListItem","position":1,"name":"Home","item":"https:\/\/braincair.com\/"},{"@type":"ListItem","position":2,"name":"Professionnel\u00b7les"}]},{"@type":"WebSite","@id":"https:\/\/braincair.com\/#website","url":"https:\/\/braincair.com\/","name":"BrainCair","description":"Du myst\u00e8re de l&#039;esprit \u00e0 la maitrise de la vie","publisher":{"@id":"https:\/\/braincair.com\/#organization"},"potentialAction":[{"@type":"SearchAction","target":{"@type":"EntryPoint","urlTemplate":"https:\/\/braincair.com\/?s={search_term_string}"},"query-input":{"@type":"PropertyValueSpecification","valueRequired":true,"valueName":"search_term_string"}}],"inLanguage":"en-US"},{"@type":"Organization","@id":"https:\/\/braincair.com\/#organization","name":"BrainCair","url":"https:\/\/braincair.com\/","logo":{"@type":"ImageObject","inLanguage":"en-US","@id":"https:\/\/braincair.com\/#\/schema\/logo\/image\/","url":"https:\/\/braincair.com\/wp-content\/uploads\/2024\/07\/cropped-BrainCairLogotype.png","contentUrl":"https:\/\/braincair.com\/wp-content\/uploads\/2024\/07\/cropped-BrainCairLogotype.png","width":2481,"height":2481,"caption":"BrainCair"},"image":{"@id":"https:\/\/braincair.com\/#\/schema\/logo\/image\/"},"sameAs":["https:\/\/www.facebook.com\/profile.php?id=61551929916385","https:\/\/www.instagram.com\/braincair\/","https:\/\/www.linkedin.com\/company\/braincair\/"]}]}},"_links":{"self":[{"href":"https:\/\/braincair.com\/index.php\/wp-json\/wp\/v2\/pages\/4244","targetHints":{"allow":["GET"]}}],"collection":[{"href":"https:\/\/braincair.com\/index.php\/wp-json\/wp\/v2\/pages"}],"about":[{"href":"https:\/\/braincair.com\/index.php\/wp-json\/wp\/v2\/types\/page"}],"author":[{"embeddable":true,"href":"https:\/\/braincair.com\/index.php\/wp-json\/wp\/v2\/users\/2"}],"replies":[{"embeddable":true,"href":"https:\/\/braincair.com\/index.php\/wp-json\/wp\/v2\/comments?post=4244"}],"version-history":[{"count":31,"href":"https:\/\/braincair.com\/index.php\/wp-json\/wp\/v2\/pages\/4244\/revisions"}],"predecessor-version":[{"id":4413,"href":"https:\/\/braincair.com\/index.php\/wp-json\/wp\/v2\/pages\/4244\/revisions\/4413"}],"wp:attachment":[{"href":"https:\/\/braincair.com\/index.php\/wp-json\/wp\/v2\/media?parent=4244"}],"curies":[{"name":"wp","href":"https:\/\/api.w.org\/{rel}","templated":true}]}}