{"id":4373,"date":"2024-11-19T20:06:17","date_gmt":"2024-11-19T20:06:17","guid":{"rendered":"https:\/\/braincair.com\/?page_id=4373"},"modified":"2024-11-28T11:32:59","modified_gmt":"2024-11-28T11:32:59","slug":"candidature","status":"publish","type":"page","link":"https:\/\/braincair.com\/index.php\/candidature\/","title":{"rendered":"Candidature"},"content":{"rendered":"<p>[vc_row row_content_width=&#8221;grid&#8221; content_text_alignment=&#8221;center&#8221;][vc_column][vc_column_text]<\/p>\n<p style=\"text-align: center;\">Vous souhaitez contribuer \u00e0 un centre pluridisciplinaire innovant ?<\/p>\n<p style=\"text-align: center;\">BrainCair est toujours \u00e0 la recherche de professionnels passionn\u00e9s pour renforcer son \u00e9quipe. Nous accueillons des candidatures spontan\u00e9es dans les domaines de la psychologie, de la neuropsychologie, de la logop\u00e9die et du coaching acad\u00e9mique.<\/p>\n<p style=\"text-align: center;\">Envoyez-nous votre candidature pour partager votre expertise et participer activement \u00e0 notre mission !<\/p>\n<p>&nbsp;<\/p>\n<p style=\"font-weight: 400; text-align: center;\">Pour \u00eatre complet, votre <strong>dossier<\/strong> de candidature doit reprendre :<\/p>\n<ul style=\"font-weight: 400; text-align: center;\">\n<li>Lettre de motivation pr\u00e9cisant les objectifs du stage<\/li>\n<li>Curriculum vitae<\/li>\n<\/ul>\n<p style=\"font-weight: 400; text-align: center;\">Le\u00b7a responsable du p\u00f4le en question reviendra vers vous au plus vite.<\/p>\n<p>[\/vc_column_text][vc_empty_space]\n<div class=\"wpcf7 no-js\" id=\"wpcf7-f4375-o1\" lang=\"en-US\" dir=\"ltr\" data-wpcf7-id=\"4375\">\n<div class=\"screen-reader-response\"><p role=\"status\" aria-live=\"polite\" aria-atomic=\"true\"><\/p> <ul><\/ul><\/div>\n<form action=\"\/index.php\/wp-json\/wp\/v2\/pages\/4373#wpcf7-f4375-o1\" method=\"post\" class=\"wpcf7-form init\" aria-label=\"Contact form\" enctype=\"multipart\/form-data\" novalidate=\"novalidate\" data-status=\"init\">\n<fieldset class=\"hidden-fields-container\"><input type=\"hidden\" name=\"_wpcf7\" value=\"4375\" \/><input type=\"hidden\" name=\"_wpcf7_version\" value=\"6.1.5\" \/><input type=\"hidden\" name=\"_wpcf7_locale\" value=\"en_US\" \/><input type=\"hidden\" name=\"_wpcf7_unit_tag\" value=\"wpcf7-f4375-o1\" \/><input type=\"hidden\" name=\"_wpcf7_container_post\" value=\"0\" \/><input type=\"hidden\" name=\"_wpcf7_posted_data_hash\" value=\"\" \/>\n<\/fieldset>\n<div class=\"qodef-contat-form-form-3 qodef-cf7-custom-fields-bg qodef-cf7-custom-no-margin\">\n\t<div class=\"qodef-grid qodef-layout--columns qodef-col-num--2 qodef-gutter--tiny\">\n\t\t<div class=\"qodef-grid-inner\">\n\t\t\t<div class=\"qodef-grid-item\">\n\t\t\t\t<div class=\"qodef-col-num--6\">\n\t\t\t\t\t<p><span class=\"wpcf7-form-control-wrap\" data-name=\"your-name\"><input size=\"40\" maxlength=\"400\" class=\"wpcf7-form-control wpcf7-text wpcf7-validates-as-required\" aria-required=\"true\" aria-invalid=\"false\" placeholder=\"Votre nom\" value=\"\" type=\"text\" name=\"your-name\" \/><\/span>\n\t\t\t\t\t<\/p>\n\t\t\t\t<\/div>\n\t\t\t<\/div>\n\t\t\t<div class=\"qodef-grid-item\">\n\t\t\t\t<div class=\"qodef-col-num--6\">\n\t\t\t\t\t<p><span class=\"wpcf7-form-control-wrap\" data-name=\"your-name\"><input size=\"40\" maxlength=\"400\" class=\"wpcf7-form-control wpcf7-text wpcf7-validates-as-required\" aria-required=\"true\" aria-invalid=\"false\" placeholder=\"Votre pr\u00e9nom\" value=\"\" type=\"text\" name=\"your-name\" \/><\/span>\n\t\t\t\t\t<\/p>\n\t\t\t\t<\/div>\n\t\t\t<\/div>\n\t\t\t<div class=\"qodef-grid-item\">\n\t\t\t\t<div class=\"qodef-col-num--6\">\n\t\t\t\t\t<p><span class=\"wpcf7-form-control-wrap\" data-name=\"tel-414\"><input size=\"40\" maxlength=\"400\" class=\"wpcf7-form-control wpcf7-tel wpcf7-text wpcf7-validates-as-tel\" aria-invalid=\"false\" placeholder=\"Votre num\u00e9ro de t\u00e9l\u00e9phone\" value=\"\" type=\"tel\" name=\"tel-414\" \/><\/span>\n\t\t\t\t\t<\/p>\n\t\t\t\t<\/div>\n\t\t\t<\/div>\n\t\t\t<div class=\"qodef-grid-item\">\n\t\t\t\t<div class=\"qodef-col-num--6\">\n\t\t\t\t\t<p><span class=\"wpcf7-form-control-wrap\" data-name=\"your-email\"><input size=\"40\" maxlength=\"400\" class=\"wpcf7-form-control wpcf7-email wpcf7-validates-as-required wpcf7-text wpcf7-validates-as-email\" aria-required=\"true\" aria-invalid=\"false\" placeholder=\"Votre e-mail*\" value=\"\" type=\"email\" name=\"your-email\" \/><\/span>\n\t\t\t\t\t<\/p>\n\t\t\t\t<\/div>\n\t\t\t<\/div>\n\t\t\t<div class=\"qodef-grid-item\">\n\t\t\t\t<div class=\"qodef-col-num--6 qodef-select-change\">\n\t\t\t\t\t<p><span class=\"wpcf7-form-control-wrap\" data-name=\"menu-162\"><select class=\"wpcf7-form-control wpcf7-select\" aria-invalid=\"false\" name=\"menu-162\"><option value=\"---\">---<\/option><option value=\"Coaching\">Coaching<\/option><option value=\"Logop\u00e9die\">Logop\u00e9die<\/option><option value=\"Psychologie\">Psychologie<\/option><option value=\"Psychiatrie\">Psychiatrie<\/option><option value=\"Neurologie\">Neurologie<\/option><option value=\"Neuropsychologie\">Neuropsychologie<\/option><option value=\"Autres\">Autres<\/option><\/select><\/span>\n\t\t\t\t\t<\/p>\n\t\t\t\t<\/div>\n\t\t\t<\/div>\n\t\t\t<div class=\"qodef-grid-item\">\n\t\t\t\t<div class=\"qodef-col-num--6\">\n\t\t\t\t\t<p><span class=\"wpcf7-form-control-wrap\" data-name=\"Curriculum-Vitae\"><input size=\"40\" class=\"wpcf7-form-control wpcf7-file\" accept=\"\" aria-invalid=\"false\" type=\"file\" name=\"Curriculum-Vitae\" \/><\/span>\n\t\t\t\t\t<\/p>\n\t\t\t\t<\/div>\n\t\t\t<\/div>\n\t\t\t<div class=\"qodef-grid-item\">\n\t\t\t\t<div class=\"qodef-col-num--6\">\n\t\t\t\t\t<p><span class=\"wpcf7-form-control-wrap\" data-name=\"Lettre-de-motivation\"><input size=\"40\" class=\"wpcf7-form-control wpcf7-file\" accept=\"\" aria-invalid=\"false\" type=\"file\" name=\"Lettre-de-motivation\" \/><\/span>\n\t\t\t\t\t<\/p>\n\t\t\t\t<\/div>\n\t\t\t<\/div>\n\t\t<\/div>\n\t<\/div>\n\t<p><span class=\"wpcf7-form-control-wrap\" data-name=\"your-message\"><textarea cols=\"40\" rows=\"6\" maxlength=\"2000\" class=\"wpcf7-form-control wpcf7-textarea\" aria-invalid=\"false\" placeholder=\"Votre message\" name=\"your-message\"><\/textarea><\/span>\n\t<\/p>\n\t<p><button class=\"wpcf7-form-control wpcf7-submit qodef-button qodef-size--normal qodef-type--filled qodef-m\" type=\"submit\"><span class=\"qodef-m-text\">Soumettre<\/span><\/button>\n\t<\/p>\n<\/div><div class=\"wpcf7-response-output\" aria-hidden=\"true\"><\/div>\n<\/form>\n<\/div>\n[vc_empty_space][\/vc_column][\/vc_row]<\/p>\n","protected":false},"excerpt":{"rendered":"<p>[vc_row row_content_width=&#8221;grid&#8221; content_text_alignment=&#8221;center&#8221;][vc_column][vc_column_text] Vous souhaitez contribuer \u00e0 un centre pluridisciplinaire innovant ? BrainCair est toujours \u00e0 la recherche de professionnels passionn\u00e9s pour renforcer son \u00e9quipe. Nous accueillons des candidatures spontan\u00e9es dans les domaines de la psychologie, de la neuropsychologie, de la logop\u00e9die et du coaching acad\u00e9mique. Envoyez-nous votre candidature pour partager votre expertise et participer [&hellip;]<\/p>\n","protected":false},"author":2,"featured_media":0,"parent":0,"menu_order":0,"comment_status":"closed","ping_status":"closed","template":"","meta":{"footnotes":""},"class_list":["post-4373","page","type-page","status-publish","hentry"],"yoast_head":"<!-- This site is optimized with the Yoast SEO plugin v24.4 - https:\/\/yoast.com\/wordpress\/plugins\/seo\/ -->\n<title>Candidature - BrainCair<\/title>\n<meta name=\"robots\" content=\"index, follow, max-snippet:-1, max-image-preview:large, max-video-preview:-1\" \/>\n<link rel=\"canonical\" href=\"https:\/\/braincair.com\/index.php\/candidature\/\" \/>\n<meta property=\"og:locale\" content=\"en_US\" \/>\n<meta property=\"og:type\" content=\"article\" \/>\n<meta property=\"og:title\" content=\"Candidature - BrainCair\" \/>\n<meta property=\"og:description\" content=\"[vc_row row_content_width=&#8221;grid&#8221; content_text_alignment=&#8221;center&#8221;][vc_column][vc_column_text] Vous souhaitez contribuer \u00e0 un centre pluridisciplinaire innovant ? BrainCair est toujours \u00e0 la recherche de professionnels passionn\u00e9s pour renforcer son \u00e9quipe. Nous accueillons des candidatures spontan\u00e9es dans les domaines de la psychologie, de la neuropsychologie, de la logop\u00e9die et du coaching acad\u00e9mique. Envoyez-nous votre candidature pour partager votre expertise et participer [&hellip;]\" \/>\n<meta property=\"og:url\" content=\"https:\/\/braincair.com\/index.php\/candidature\/\" \/>\n<meta property=\"og:site_name\" content=\"BrainCair\" \/>\n<meta property=\"article:publisher\" content=\"https:\/\/www.facebook.com\/profile.php?id=61551929916385\" \/>\n<meta property=\"article:modified_time\" content=\"2024-11-28T11:32:59+00:00\" \/>\n<meta name=\"twitter:card\" content=\"summary_large_image\" \/>\n<meta name=\"twitter:label1\" content=\"Est. reading time\" \/>\n\t<meta name=\"twitter:data1\" content=\"1 minute\" \/>\n<script type=\"application\/ld+json\" class=\"yoast-schema-graph\">{\"@context\":\"https:\/\/schema.org\",\"@graph\":[{\"@type\":\"WebPage\",\"@id\":\"https:\/\/braincair.com\/index.php\/candidature\/\",\"url\":\"https:\/\/braincair.com\/index.php\/candidature\/\",\"name\":\"Candidature - BrainCair\",\"isPartOf\":{\"@id\":\"https:\/\/braincair.com\/#website\"},\"datePublished\":\"2024-11-19T20:06:17+00:00\",\"dateModified\":\"2024-11-28T11:32:59+00:00\",\"breadcrumb\":{\"@id\":\"https:\/\/braincair.com\/index.php\/candidature\/#breadcrumb\"},\"inLanguage\":\"en-US\",\"potentialAction\":[{\"@type\":\"ReadAction\",\"target\":[\"https:\/\/braincair.com\/index.php\/candidature\/\"]}]},{\"@type\":\"BreadcrumbList\",\"@id\":\"https:\/\/braincair.com\/index.php\/candidature\/#breadcrumb\",\"itemListElement\":[{\"@type\":\"ListItem\",\"position\":1,\"name\":\"Home\",\"item\":\"https:\/\/braincair.com\/\"},{\"@type\":\"ListItem\",\"position\":2,\"name\":\"Candidature\"}]},{\"@type\":\"WebSite\",\"@id\":\"https:\/\/braincair.com\/#website\",\"url\":\"https:\/\/braincair.com\/\",\"name\":\"BrainCair\",\"description\":\"Du myst\u00e8re de l&#039;esprit \u00e0 la maitrise de la vie\",\"publisher\":{\"@id\":\"https:\/\/braincair.com\/#organization\"},\"potentialAction\":[{\"@type\":\"SearchAction\",\"target\":{\"@type\":\"EntryPoint\",\"urlTemplate\":\"https:\/\/braincair.com\/?s={search_term_string}\"},\"query-input\":{\"@type\":\"PropertyValueSpecification\",\"valueRequired\":true,\"valueName\":\"search_term_string\"}}],\"inLanguage\":\"en-US\"},{\"@type\":\"Organization\",\"@id\":\"https:\/\/braincair.com\/#organization\",\"name\":\"BrainCair\",\"url\":\"https:\/\/braincair.com\/\",\"logo\":{\"@type\":\"ImageObject\",\"inLanguage\":\"en-US\",\"@id\":\"https:\/\/braincair.com\/#\/schema\/logo\/image\/\",\"url\":\"https:\/\/braincair.com\/wp-content\/uploads\/2024\/07\/cropped-BrainCairLogotype.png\",\"contentUrl\":\"https:\/\/braincair.com\/wp-content\/uploads\/2024\/07\/cropped-BrainCairLogotype.png\",\"width\":2481,\"height\":2481,\"caption\":\"BrainCair\"},\"image\":{\"@id\":\"https:\/\/braincair.com\/#\/schema\/logo\/image\/\"},\"sameAs\":[\"https:\/\/www.facebook.com\/profile.php?id=61551929916385\",\"https:\/\/www.instagram.com\/braincair\/\",\"https:\/\/www.linkedin.com\/company\/braincair\/\"]}]}<\/script>\n<!-- \/ Yoast SEO plugin. -->","yoast_head_json":{"title":"Candidature - BrainCair","robots":{"index":"index","follow":"follow","max-snippet":"max-snippet:-1","max-image-preview":"max-image-preview:large","max-video-preview":"max-video-preview:-1"},"canonical":"https:\/\/braincair.com\/index.php\/candidature\/","og_locale":"en_US","og_type":"article","og_title":"Candidature - BrainCair","og_description":"[vc_row row_content_width=&#8221;grid&#8221; content_text_alignment=&#8221;center&#8221;][vc_column][vc_column_text] Vous souhaitez contribuer \u00e0 un centre pluridisciplinaire innovant ? BrainCair est toujours \u00e0 la recherche de professionnels passionn\u00e9s pour renforcer son \u00e9quipe. Nous accueillons des candidatures spontan\u00e9es dans les domaines de la psychologie, de la neuropsychologie, de la logop\u00e9die et du coaching acad\u00e9mique. Envoyez-nous votre candidature pour partager votre expertise et participer [&hellip;]","og_url":"https:\/\/braincair.com\/index.php\/candidature\/","og_site_name":"BrainCair","article_publisher":"https:\/\/www.facebook.com\/profile.php?id=61551929916385","article_modified_time":"2024-11-28T11:32:59+00:00","twitter_card":"summary_large_image","twitter_misc":{"Est. reading time":"1 minute"},"schema":{"@context":"https:\/\/schema.org","@graph":[{"@type":"WebPage","@id":"https:\/\/braincair.com\/index.php\/candidature\/","url":"https:\/\/braincair.com\/index.php\/candidature\/","name":"Candidature - BrainCair","isPartOf":{"@id":"https:\/\/braincair.com\/#website"},"datePublished":"2024-11-19T20:06:17+00:00","dateModified":"2024-11-28T11:32:59+00:00","breadcrumb":{"@id":"https:\/\/braincair.com\/index.php\/candidature\/#breadcrumb"},"inLanguage":"en-US","potentialAction":[{"@type":"ReadAction","target":["https:\/\/braincair.com\/index.php\/candidature\/"]}]},{"@type":"BreadcrumbList","@id":"https:\/\/braincair.com\/index.php\/candidature\/#breadcrumb","itemListElement":[{"@type":"ListItem","position":1,"name":"Home","item":"https:\/\/braincair.com\/"},{"@type":"ListItem","position":2,"name":"Candidature"}]},{"@type":"WebSite","@id":"https:\/\/braincair.com\/#website","url":"https:\/\/braincair.com\/","name":"BrainCair","description":"Du myst\u00e8re de l&#039;esprit \u00e0 la maitrise de la vie","publisher":{"@id":"https:\/\/braincair.com\/#organization"},"potentialAction":[{"@type":"SearchAction","target":{"@type":"EntryPoint","urlTemplate":"https:\/\/braincair.com\/?s={search_term_string}"},"query-input":{"@type":"PropertyValueSpecification","valueRequired":true,"valueName":"search_term_string"}}],"inLanguage":"en-US"},{"@type":"Organization","@id":"https:\/\/braincair.com\/#organization","name":"BrainCair","url":"https:\/\/braincair.com\/","logo":{"@type":"ImageObject","inLanguage":"en-US","@id":"https:\/\/braincair.com\/#\/schema\/logo\/image\/","url":"https:\/\/braincair.com\/wp-content\/uploads\/2024\/07\/cropped-BrainCairLogotype.png","contentUrl":"https:\/\/braincair.com\/wp-content\/uploads\/2024\/07\/cropped-BrainCairLogotype.png","width":2481,"height":2481,"caption":"BrainCair"},"image":{"@id":"https:\/\/braincair.com\/#\/schema\/logo\/image\/"},"sameAs":["https:\/\/www.facebook.com\/profile.php?id=61551929916385","https:\/\/www.instagram.com\/braincair\/","https:\/\/www.linkedin.com\/company\/braincair\/"]}]}},"_links":{"self":[{"href":"https:\/\/braincair.com\/index.php\/wp-json\/wp\/v2\/pages\/4373","targetHints":{"allow":["GET"]}}],"collection":[{"href":"https:\/\/braincair.com\/index.php\/wp-json\/wp\/v2\/pages"}],"about":[{"href":"https:\/\/braincair.com\/index.php\/wp-json\/wp\/v2\/types\/page"}],"author":[{"embeddable":true,"href":"https:\/\/braincair.com\/index.php\/wp-json\/wp\/v2\/users\/2"}],"replies":[{"embeddable":true,"href":"https:\/\/braincair.com\/index.php\/wp-json\/wp\/v2\/comments?post=4373"}],"version-history":[{"count":6,"href":"https:\/\/braincair.com\/index.php\/wp-json\/wp\/v2\/pages\/4373\/revisions"}],"predecessor-version":[{"id":4423,"href":"https:\/\/braincair.com\/index.php\/wp-json\/wp\/v2\/pages\/4373\/revisions\/4423"}],"wp:attachment":[{"href":"https:\/\/braincair.com\/index.php\/wp-json\/wp\/v2\/media?parent=4373"}],"curies":[{"name":"wp","href":"https:\/\/api.w.org\/{rel}","templated":true}]}}