{"id":4398,"date":"2024-11-26T00:08:53","date_gmt":"2024-11-26T00:08:53","guid":{"rendered":"https:\/\/braincair.com\/?page_id=4398"},"modified":"2024-11-28T11:38:23","modified_gmt":"2024-11-28T11:38:23","slug":"stages","status":"publish","type":"page","link":"https:\/\/braincair.com\/index.php\/stages\/","title":{"rendered":"Stages"},"content":{"rendered":"<p>[vc_row][vc_column][vc_column_text]<\/p>\n<p style=\"text-align: center;\"><span style=\"font-weight: 400;\">BrainCair offre aux \u00e9tudiant\u00b7es une occasion unique de d\u00e9couvrir un environnement professionnel pluridisciplinaire. Les stagiaires auront l&#8217;opportunit\u00e9 de :<\/span><\/p>\n<ul style=\"text-align: center;\">\n<li style=\"font-weight: 400;\" aria-level=\"1\"><b>Travailler avec des experts vari\u00e9s<\/b><span style=\"font-weight: 400;\"> : En suivant diff\u00e9rents praticien\u00b7nes, iels pourront observer des approches sp\u00e9cifiques \u00e0 chaque \u00e2ge (enfants, adolescents, adultes, personnes \u00e2g\u00e9es).<\/span><\/li>\n<li style=\"font-weight: 400;\" aria-level=\"1\"><b>D\u00e9velopper des comp\u00e9tences pratiques<\/b><span style=\"font-weight: 400;\"> : Participation \u00e0 des \u00e9valuations, rem\u00e9diations, et suivis th\u00e9rapeutiques sous supervision.<\/span><\/li>\n<li style=\"font-weight: 400;\" aria-level=\"1\"><b>Explorer des sp\u00e9cialisations<\/b><span style=\"font-weight: 400;\"> : D\u00e9couvrir leur patient\u00e8le cible en travaillant avec des professionnel\u00b7les ayant des expertises vari\u00e9es.<\/span><\/li>\n<li style=\"font-weight: 400;\" aria-level=\"1\"><b>Contribuer \u00e0 une prise en charge interdisciplinaire<\/b><span style=\"font-weight: 400;\"> : Participer \u00e0 des discussions de cas avec d&#8217;autres sp\u00e9cialistes, favorisant une compr\u00e9hension globale des patients.<\/span><\/li>\n<\/ul>\n<p style=\"text-align: center;\"><span style=\"font-weight: 400;\">Les stagiaires ont ainsi l\u2019occasion d\u2019\u00eatre encadr\u00e9s par des professionnel\u00b7les exp\u00e9riment\u00e9\u00b7es, qui supervisent chaque \u00e9tape de leur apprentissage, de l\u2019observation initiale \u00e0 une participation progressive aux interventions.\u00a0<\/span><\/p>\n<p>[\/vc_column_text][vc_empty_space][\/vc_column][\/vc_row][vc_row row_content_width=&#8221;grid&#8221; content_text_alignment=&#8221;center&#8221;][vc_column]<div class=\"qodef-shortcode qodef-m  qodef-section-title qodef-alignment--center \">\n\t\t\t\t<h1 class=\"qodef-m-title\" >\n\t\t\t\t\tCandidature\t\t\t<\/h1>\n\t<\/div>[vc_empty_space][vc_column_text]<\/p>\n<p style=\"font-weight: 400; text-align: center;\">Nous encourageons fortement les \u00e9tudiant\u00b7es souhaitant postuler aupr\u00e8s de notre centre \u00e0 compl\u00e9ter le formulaire ci dessous.<\/p>\n<p style=\"font-weight: 400; text-align: center;\">Votre <strong>dossier<\/strong> de candidature doit reprendre :<\/p>\n<ul style=\"font-weight: 400; text-align: center;\">\n<li>Lettre de motivation pr\u00e9cisant les objectifs du stage<\/li>\n<li>Curriculum vitae<\/li>\n<\/ul>\n<p style=\"font-weight: 400; text-align: center;\">Le\u00b7a responsable du p\u00f4le en question reviendra vers vous au plus vite.<\/p>\n<p>[\/vc_column_text][vc_empty_space]\n<div class=\"wpcf7 no-js\" id=\"wpcf7-f4417-o1\" lang=\"en-US\" dir=\"ltr\" data-wpcf7-id=\"4417\">\n<div class=\"screen-reader-response\"><p role=\"status\" aria-live=\"polite\" aria-atomic=\"true\"><\/p> <ul><\/ul><\/div>\n<form action=\"\/index.php\/wp-json\/wp\/v2\/pages\/4398#wpcf7-f4417-o1\" method=\"post\" class=\"wpcf7-form init\" aria-label=\"Contact form\" enctype=\"multipart\/form-data\" novalidate=\"novalidate\" data-status=\"init\">\n<fieldset class=\"hidden-fields-container\"><input type=\"hidden\" name=\"_wpcf7\" value=\"4417\" \/><input type=\"hidden\" name=\"_wpcf7_version\" value=\"6.1.5\" \/><input type=\"hidden\" name=\"_wpcf7_locale\" value=\"en_US\" \/><input type=\"hidden\" name=\"_wpcf7_unit_tag\" value=\"wpcf7-f4417-o1\" \/><input type=\"hidden\" name=\"_wpcf7_container_post\" value=\"0\" \/><input type=\"hidden\" name=\"_wpcf7_posted_data_hash\" value=\"\" \/>\n<\/fieldset>\n<div class=\"qodef-contat-form-form-3 qodef-cf7-custom-fields-bg qodef-cf7-custom-no-margin\">\n\t<div class=\"qodef-grid qodef-layout--columns qodef-col-num--2 qodef-gutter--tiny\">\n\t\t<div class=\"qodef-grid-inner\">\n\t\t\t<div class=\"qodef-grid-item\">\n\t\t\t\t<div class=\"qodef-col-num--6\">\n\t\t\t\t\t<p><span class=\"wpcf7-form-control-wrap\" data-name=\"your-name\"><input size=\"40\" maxlength=\"400\" class=\"wpcf7-form-control wpcf7-text wpcf7-validates-as-required\" aria-required=\"true\" aria-invalid=\"false\" placeholder=\"Votre nom\" value=\"\" type=\"text\" name=\"your-name\" \/><\/span>\n\t\t\t\t\t<\/p>\n\t\t\t\t<\/div>\n\t\t\t<\/div>\n\t\t\t<div class=\"qodef-grid-item\">\n\t\t\t\t<div class=\"qodef-col-num--6\">\n\t\t\t\t\t<p><span class=\"wpcf7-form-control-wrap\" data-name=\"your-name\"><input size=\"40\" maxlength=\"400\" class=\"wpcf7-form-control wpcf7-text wpcf7-validates-as-required\" aria-required=\"true\" aria-invalid=\"false\" placeholder=\"Votre pr\u00e9nom\" value=\"\" type=\"text\" name=\"your-name\" \/><\/span>\n\t\t\t\t\t<\/p>\n\t\t\t\t<\/div>\n\t\t\t<\/div>\n\t\t\t<div class=\"qodef-grid-item\">\n\t\t\t\t<div class=\"qodef-col-num--6\">\n\t\t\t\t\t<p><span class=\"wpcf7-form-control-wrap\" data-name=\"tel-414\"><input size=\"40\" maxlength=\"400\" class=\"wpcf7-form-control wpcf7-tel wpcf7-text wpcf7-validates-as-tel\" aria-invalid=\"false\" placeholder=\"Votre num\u00e9ro de t\u00e9l\u00e9phone\" value=\"\" type=\"tel\" name=\"tel-414\" \/><\/span>\n\t\t\t\t\t<\/p>\n\t\t\t\t<\/div>\n\t\t\t<\/div>\n\t\t\t<div class=\"qodef-grid-item\">\n\t\t\t\t<div class=\"qodef-col-num--6\">\n\t\t\t\t\t<p><span class=\"wpcf7-form-control-wrap\" data-name=\"your-email\"><input size=\"40\" maxlength=\"400\" class=\"wpcf7-form-control wpcf7-email wpcf7-validates-as-required wpcf7-text wpcf7-validates-as-email\" aria-required=\"true\" aria-invalid=\"false\" placeholder=\"Votre e-mail*\" value=\"\" type=\"email\" name=\"your-email\" \/><\/span>\n\t\t\t\t\t<\/p>\n\t\t\t\t<\/div>\n\t\t\t<\/div>\n\t\t\t<div class=\"qodef-grid-item\">\n\t\t\t\t<div class=\"qodef-col-num--6 qodef-select-change\">\n\t\t\t\t\t<p><span class=\"wpcf7-form-control-wrap\" data-name=\"menu-162\"><select class=\"wpcf7-form-control wpcf7-select\" aria-invalid=\"false\" name=\"menu-162\"><option value=\"---\">---<\/option><option value=\"Coaching\">Coaching<\/option><option value=\"Logop\u00e9die\">Logop\u00e9die<\/option><option value=\"Psychologie\">Psychologie<\/option><option value=\"Psychiatrie\">Psychiatrie<\/option><option value=\"Neurologie\">Neurologie<\/option><option value=\"Neuropsychologie\">Neuropsychologie<\/option><option value=\"Autres\">Autres<\/option><\/select><\/span>\n\t\t\t\t\t<\/p>\n\t\t\t\t<\/div>\n\t\t\t<\/div>\n\t\t\t<div class=\"qodef-grid-item\">\n\t\t\t\t<div class=\"qodef-col-num--6\">\n\t\t\t\t\t<p><span class=\"wpcf7-form-control-wrap\" data-name=\"Curriculum-Vitae\"><input size=\"40\" class=\"wpcf7-form-control wpcf7-file\" accept=\"\" aria-invalid=\"false\" type=\"file\" name=\"Curriculum-Vitae\" \/><\/span>\n\t\t\t\t\t<\/p>\n\t\t\t\t<\/div>\n\t\t\t<\/div>\n\t\t\t<div class=\"qodef-grid-item\">\n\t\t\t\t<div class=\"qodef-col-num--6\">\n\t\t\t\t\t<p><span class=\"wpcf7-form-control-wrap\" data-name=\"Lettre-de-motivation\"><input size=\"40\" class=\"wpcf7-form-control wpcf7-file\" accept=\"\" aria-invalid=\"false\" type=\"file\" name=\"Lettre-de-motivation\" \/><\/span>\n\t\t\t\t\t<\/p>\n\t\t\t\t<\/div>\n\t\t\t<\/div>\n\t\t<\/div>\n\t<\/div>\n\t<p><span class=\"wpcf7-form-control-wrap\" data-name=\"your-message\"><textarea cols=\"40\" rows=\"6\" maxlength=\"2000\" class=\"wpcf7-form-control wpcf7-textarea\" aria-invalid=\"false\" placeholder=\"Votre message\" name=\"your-message\"><\/textarea><\/span>\n\t<\/p>\n\t<p><button class=\"wpcf7-form-control wpcf7-submit qodef-button qodef-size--normal qodef-type--filled qodef-m\" type=\"submit\"><span class=\"qodef-m-text\">Soumettre<\/span><\/button>\n\t<\/p>\n<\/div><div class=\"wpcf7-response-output\" aria-hidden=\"true\"><\/div>\n<\/form>\n<\/div>\n[\/vc_column][\/vc_row]<\/p>\n","protected":false},"excerpt":{"rendered":"<p>[vc_row][vc_column][vc_column_text] BrainCair offre aux \u00e9tudiant\u00b7es une occasion unique de d\u00e9couvrir un environnement professionnel pluridisciplinaire. Les stagiaires auront l&#8217;opportunit\u00e9 de : Travailler avec des experts vari\u00e9s : En suivant diff\u00e9rents praticien\u00b7nes, iels pourront observer des approches sp\u00e9cifiques \u00e0 chaque \u00e2ge (enfants, adolescents, adultes, personnes \u00e2g\u00e9es). D\u00e9velopper des comp\u00e9tences pratiques : Participation \u00e0 des \u00e9valuations, rem\u00e9diations, et [&hellip;]<\/p>\n","protected":false},"author":2,"featured_media":0,"parent":0,"menu_order":0,"comment_status":"closed","ping_status":"closed","template":"","meta":{"footnotes":""},"class_list":["post-4398","page","type-page","status-publish","hentry"],"yoast_head":"<!-- This site is optimized with the Yoast SEO plugin v24.4 - https:\/\/yoast.com\/wordpress\/plugins\/seo\/ -->\n<title>Offres de stages aupr\u00e8s de nos sp\u00e9cialistes<\/title>\n<meta name=\"description\" content=\"Nous offrons aux \u00e9tudiant\u00b7es l\u2019opportunit\u00e9 de r\u00e9aliser des stages immersifs aupr\u00e8s de nos sp\u00e9cialistes. Les stages permettent de d\u00e9couvrir la pratique clinique en milieu pluridisciplinaire, b\u00e9n\u00e9ficier d\u2019un encadrement personnalis\u00e9, et de participer activement aux projets du centre.\" \/>\n<meta name=\"robots\" content=\"index, follow, max-snippet:-1, max-image-preview:large, max-video-preview:-1\" \/>\n<link rel=\"canonical\" href=\"https:\/\/braincair.com\/index.php\/stages\/\" \/>\n<meta property=\"og:locale\" content=\"en_US\" \/>\n<meta property=\"og:type\" content=\"article\" \/>\n<meta property=\"og:title\" content=\"Offres de stages aupr\u00e8s de nos sp\u00e9cialistes\" \/>\n<meta property=\"og:description\" content=\"Nous offrons aux \u00e9tudiant\u00b7es l\u2019opportunit\u00e9 de r\u00e9aliser des stages immersifs aupr\u00e8s de nos sp\u00e9cialistes. Les stages permettent de d\u00e9couvrir la pratique clinique en milieu pluridisciplinaire, b\u00e9n\u00e9ficier d\u2019un encadrement personnalis\u00e9, et de participer activement aux projets du centre.\" \/>\n<meta property=\"og:url\" content=\"https:\/\/braincair.com\/index.php\/stages\/\" \/>\n<meta property=\"og:site_name\" content=\"BrainCair\" \/>\n<meta property=\"article:publisher\" content=\"https:\/\/www.facebook.com\/profile.php?id=61551929916385\" \/>\n<meta property=\"article:modified_time\" content=\"2024-11-28T11:38:23+00:00\" \/>\n<meta name=\"twitter:card\" content=\"summary_large_image\" \/>\n<meta name=\"twitter:label1\" content=\"Est. reading time\" \/>\n\t<meta name=\"twitter:data1\" content=\"1 minute\" \/>\n<script type=\"application\/ld+json\" class=\"yoast-schema-graph\">{\"@context\":\"https:\/\/schema.org\",\"@graph\":[{\"@type\":\"WebPage\",\"@id\":\"https:\/\/braincair.com\/index.php\/stages\/\",\"url\":\"https:\/\/braincair.com\/index.php\/stages\/\",\"name\":\"Offres de stages aupr\u00e8s de nos sp\u00e9cialistes\",\"isPartOf\":{\"@id\":\"https:\/\/braincair.com\/#website\"},\"datePublished\":\"2024-11-26T00:08:53+00:00\",\"dateModified\":\"2024-11-28T11:38:23+00:00\",\"description\":\"Nous offrons aux \u00e9tudiant\u00b7es l\u2019opportunit\u00e9 de r\u00e9aliser des stages immersifs aupr\u00e8s de nos sp\u00e9cialistes. Les stages permettent de d\u00e9couvrir la pratique clinique en milieu pluridisciplinaire, b\u00e9n\u00e9ficier d\u2019un encadrement personnalis\u00e9, et de participer activement aux projets du centre.\",\"breadcrumb\":{\"@id\":\"https:\/\/braincair.com\/index.php\/stages\/#breadcrumb\"},\"inLanguage\":\"en-US\",\"potentialAction\":[{\"@type\":\"ReadAction\",\"target\":[\"https:\/\/braincair.com\/index.php\/stages\/\"]}]},{\"@type\":\"BreadcrumbList\",\"@id\":\"https:\/\/braincair.com\/index.php\/stages\/#breadcrumb\",\"itemListElement\":[{\"@type\":\"ListItem\",\"position\":1,\"name\":\"Home\",\"item\":\"https:\/\/braincair.com\/\"},{\"@type\":\"ListItem\",\"position\":2,\"name\":\"Stages\"}]},{\"@type\":\"WebSite\",\"@id\":\"https:\/\/braincair.com\/#website\",\"url\":\"https:\/\/braincair.com\/\",\"name\":\"BrainCair\",\"description\":\"Du myst\u00e8re de l&#039;esprit \u00e0 la maitrise de la vie\",\"publisher\":{\"@id\":\"https:\/\/braincair.com\/#organization\"},\"potentialAction\":[{\"@type\":\"SearchAction\",\"target\":{\"@type\":\"EntryPoint\",\"urlTemplate\":\"https:\/\/braincair.com\/?s={search_term_string}\"},\"query-input\":{\"@type\":\"PropertyValueSpecification\",\"valueRequired\":true,\"valueName\":\"search_term_string\"}}],\"inLanguage\":\"en-US\"},{\"@type\":\"Organization\",\"@id\":\"https:\/\/braincair.com\/#organization\",\"name\":\"BrainCair\",\"url\":\"https:\/\/braincair.com\/\",\"logo\":{\"@type\":\"ImageObject\",\"inLanguage\":\"en-US\",\"@id\":\"https:\/\/braincair.com\/#\/schema\/logo\/image\/\",\"url\":\"https:\/\/braincair.com\/wp-content\/uploads\/2024\/07\/cropped-BrainCairLogotype.png\",\"contentUrl\":\"https:\/\/braincair.com\/wp-content\/uploads\/2024\/07\/cropped-BrainCairLogotype.png\",\"width\":2481,\"height\":2481,\"caption\":\"BrainCair\"},\"image\":{\"@id\":\"https:\/\/braincair.com\/#\/schema\/logo\/image\/\"},\"sameAs\":[\"https:\/\/www.facebook.com\/profile.php?id=61551929916385\",\"https:\/\/www.instagram.com\/braincair\/\",\"https:\/\/www.linkedin.com\/company\/braincair\/\"]}]}<\/script>\n<!-- \/ Yoast SEO plugin. -->","yoast_head_json":{"title":"Offres de stages aupr\u00e8s de nos sp\u00e9cialistes","description":"Nous offrons aux \u00e9tudiant\u00b7es l\u2019opportunit\u00e9 de r\u00e9aliser des stages immersifs aupr\u00e8s de nos sp\u00e9cialistes. Les stages permettent de d\u00e9couvrir la pratique clinique en milieu pluridisciplinaire, b\u00e9n\u00e9ficier d\u2019un encadrement personnalis\u00e9, et de participer activement aux projets du centre.","robots":{"index":"index","follow":"follow","max-snippet":"max-snippet:-1","max-image-preview":"max-image-preview:large","max-video-preview":"max-video-preview:-1"},"canonical":"https:\/\/braincair.com\/index.php\/stages\/","og_locale":"en_US","og_type":"article","og_title":"Offres de stages aupr\u00e8s de nos sp\u00e9cialistes","og_description":"Nous offrons aux \u00e9tudiant\u00b7es l\u2019opportunit\u00e9 de r\u00e9aliser des stages immersifs aupr\u00e8s de nos sp\u00e9cialistes. Les stages permettent de d\u00e9couvrir la pratique clinique en milieu pluridisciplinaire, b\u00e9n\u00e9ficier d\u2019un encadrement personnalis\u00e9, et de participer activement aux projets du centre.","og_url":"https:\/\/braincair.com\/index.php\/stages\/","og_site_name":"BrainCair","article_publisher":"https:\/\/www.facebook.com\/profile.php?id=61551929916385","article_modified_time":"2024-11-28T11:38:23+00:00","twitter_card":"summary_large_image","twitter_misc":{"Est. reading time":"1 minute"},"schema":{"@context":"https:\/\/schema.org","@graph":[{"@type":"WebPage","@id":"https:\/\/braincair.com\/index.php\/stages\/","url":"https:\/\/braincair.com\/index.php\/stages\/","name":"Offres de stages aupr\u00e8s de nos sp\u00e9cialistes","isPartOf":{"@id":"https:\/\/braincair.com\/#website"},"datePublished":"2024-11-26T00:08:53+00:00","dateModified":"2024-11-28T11:38:23+00:00","description":"Nous offrons aux \u00e9tudiant\u00b7es l\u2019opportunit\u00e9 de r\u00e9aliser des stages immersifs aupr\u00e8s de nos sp\u00e9cialistes. Les stages permettent de d\u00e9couvrir la pratique clinique en milieu pluridisciplinaire, b\u00e9n\u00e9ficier d\u2019un encadrement personnalis\u00e9, et de participer activement aux projets du centre.","breadcrumb":{"@id":"https:\/\/braincair.com\/index.php\/stages\/#breadcrumb"},"inLanguage":"en-US","potentialAction":[{"@type":"ReadAction","target":["https:\/\/braincair.com\/index.php\/stages\/"]}]},{"@type":"BreadcrumbList","@id":"https:\/\/braincair.com\/index.php\/stages\/#breadcrumb","itemListElement":[{"@type":"ListItem","position":1,"name":"Home","item":"https:\/\/braincair.com\/"},{"@type":"ListItem","position":2,"name":"Stages"}]},{"@type":"WebSite","@id":"https:\/\/braincair.com\/#website","url":"https:\/\/braincair.com\/","name":"BrainCair","description":"Du myst\u00e8re de l&#039;esprit \u00e0 la maitrise de la vie","publisher":{"@id":"https:\/\/braincair.com\/#organization"},"potentialAction":[{"@type":"SearchAction","target":{"@type":"EntryPoint","urlTemplate":"https:\/\/braincair.com\/?s={search_term_string}"},"query-input":{"@type":"PropertyValueSpecification","valueRequired":true,"valueName":"search_term_string"}}],"inLanguage":"en-US"},{"@type":"Organization","@id":"https:\/\/braincair.com\/#organization","name":"BrainCair","url":"https:\/\/braincair.com\/","logo":{"@type":"ImageObject","inLanguage":"en-US","@id":"https:\/\/braincair.com\/#\/schema\/logo\/image\/","url":"https:\/\/braincair.com\/wp-content\/uploads\/2024\/07\/cropped-BrainCairLogotype.png","contentUrl":"https:\/\/braincair.com\/wp-content\/uploads\/2024\/07\/cropped-BrainCairLogotype.png","width":2481,"height":2481,"caption":"BrainCair"},"image":{"@id":"https:\/\/braincair.com\/#\/schema\/logo\/image\/"},"sameAs":["https:\/\/www.facebook.com\/profile.php?id=61551929916385","https:\/\/www.instagram.com\/braincair\/","https:\/\/www.linkedin.com\/company\/braincair\/"]}]}},"_links":{"self":[{"href":"https:\/\/braincair.com\/index.php\/wp-json\/wp\/v2\/pages\/4398","targetHints":{"allow":["GET"]}}],"collection":[{"href":"https:\/\/braincair.com\/index.php\/wp-json\/wp\/v2\/pages"}],"about":[{"href":"https:\/\/braincair.com\/index.php\/wp-json\/wp\/v2\/types\/page"}],"author":[{"embeddable":true,"href":"https:\/\/braincair.com\/index.php\/wp-json\/wp\/v2\/users\/2"}],"replies":[{"embeddable":true,"href":"https:\/\/braincair.com\/index.php\/wp-json\/wp\/v2\/comments?post=4398"}],"version-history":[{"count":6,"href":"https:\/\/braincair.com\/index.php\/wp-json\/wp\/v2\/pages\/4398\/revisions"}],"predecessor-version":[{"id":4421,"href":"https:\/\/braincair.com\/index.php\/wp-json\/wp\/v2\/pages\/4398\/revisions\/4421"}],"wp:attachment":[{"href":"https:\/\/braincair.com\/index.php\/wp-json\/wp\/v2\/media?parent=4398"}],"curies":[{"name":"wp","href":"https:\/\/api.w.org\/{rel}","templated":true}]}}