{"id":4408,"date":"2024-11-26T00:18:14","date_gmt":"2024-11-26T00:18:14","guid":{"rendered":"https:\/\/braincair.com\/?page_id=4408"},"modified":"2025-01-09T20:51:54","modified_gmt":"2025-01-09T20:51:54","slug":"supervisions","status":"publish","type":"page","link":"https:\/\/braincair.com\/index.php\/professionnel-les\/supervisions\/","title":{"rendered":"Supervisions"},"content":{"rendered":"<p>[vc_row row_content_width=&#8221;grid&#8221; content_text_alignment=&#8221;center&#8221;][vc_column][vc_column_text]<\/p>\n<h3 style=\"text-align: center;\">Perfectionnez vos comp\u00e9tences et enrichissez votre clinique chez BrainCair !<\/h3>\n<p style=\"text-align: center;\">Les supervisions professionnelles propos\u00e9es au centre BrainCair sont con\u00e7ues pour les professionnel\u00b7les de sant\u00e9 souhaitant b\u00e9n\u00e9ficier d\u2019un accompagnement pour am\u00e9liorer leur pratique.<\/p>\n<p>[\/vc_column_text][\/vc_column][\/vc_row][vc_row row_content_width=&#8221;grid&#8221; content_text_alignment=&#8221;center&#8221; css=&#8221;.vc_custom_1733177582693{background-color: #f6f3ee !important;}&#8221;][vc_column]<div class=\"qodef-shortcode qodef-m  qodef-accordion clear qodef-behavior--toggle qodef-layout--simple \">\n\t<h4 class=\"qodef-accordion-title\">\n\t<span class=\"qodef-tab-title\">\n\t\tPourquoi participer \u00e0 une supervision ?\t<\/span>\n\t<span class=\"qodef-accordion-mark\">\n\t\t<span class=\"qodef-icon--plus\">+<\/span>\n\t\t<span class=\"qodef-icon--minus\">\u2212<\/span>\n\t<\/span>\n<\/h4>\n<div class=\"qodef-accordion-content\">\n\t<div class=\"qodef-accordion-content-inner\">\n\t\t[vc_column_text]<\/p>\n<p style=\"text-align: center;\">La supervision professionnelle offre un espace de r\u00e9flexion, d\u2019\u00e9change et d\u2019apprentissage, essentiel pour :<\/p>\n<ul>\n<li style=\"text-align: center;\"><strong>Analyser des cas cliniques complexes<\/strong> et b\u00e9n\u00e9ficier d\u2019un \u00e9clairage ext\u00e9rieur.<\/li>\n<li style=\"text-align: center;\"><strong>D\u00e9velopper de nouvelles comp\u00e9tences<\/strong> et affiner vos approches th\u00e9rapeutiques.<\/li>\n<li style=\"text-align: center;\"><strong>Renforcer votre confiance professionnelle<\/strong> en travaillant sur vos d\u00e9fis personnels ou m\u00e9thodologiques.<\/li>\n<li style=\"text-align: center;\"><strong>Pr\u00e9venir l\u2019\u00e9puisement professionnel<\/strong> gr\u00e2ce \u00e0 un soutien r\u00e9gulier et bienveillant.<\/li>\n<\/ul>\n<p>[\/vc_column_text]\t<\/div>\n<\/div><h4 class=\"qodef-accordion-title\">\n\t<span class=\"qodef-tab-title\">\n\t\tNotre approche des supervisions\t<\/span>\n\t<span class=\"qodef-accordion-mark\">\n\t\t<span class=\"qodef-icon--plus\">+<\/span>\n\t\t<span class=\"qodef-icon--minus\">\u2212<\/span>\n\t<\/span>\n<\/h4>\n<div class=\"qodef-accordion-content\">\n\t<div class=\"qodef-accordion-content-inner\">\n\t\t[vc_column_text]<\/p>\n<p style=\"text-align: center;\">Chez BrainCair, nos supervisions sont centr\u00e9es sur :<\/p>\n<ul>\n<li style=\"text-align: center;\"><strong>Une approche individualis\u00e9e<\/strong> : adapt\u00e9e \u00e0 vos besoins sp\u00e9cifiques et \u00e0 vos objectifs professionnels.<\/li>\n<li style=\"text-align: center;\"><strong>Un encadrement par des experts qualifi\u00e9s<\/strong>.<\/li>\n<li style=\"text-align: center;\"><strong>Un environnement bienveillant<\/strong> propice \u00e0 l\u2019\u00e9change et au d\u00e9veloppement.<\/li>\n<\/ul>\n<p>[\/vc_column_text]\t<\/div>\n<\/div><h4 class=\"qodef-accordion-title\">\n\t<span class=\"qodef-tab-title\">\n\t\tFormat des supervisions\t<\/span>\n\t<span class=\"qodef-accordion-mark\">\n\t\t<span class=\"qodef-icon--plus\">+<\/span>\n\t\t<span class=\"qodef-icon--minus\">\u2212<\/span>\n\t<\/span>\n<\/h4>\n<div class=\"qodef-accordion-content\">\n\t<div class=\"qodef-accordion-content-inner\">\n\t\t[vc_column_text]<\/p>\n<p style=\"text-align: center;\">Nous proposons des formats flexibles pour r\u00e9pondre aux besoins de chaque professionnel :<\/p>\n<ul>\n<li style=\"text-align: center;\"><strong>Supervisions individuelles<\/strong> : pour un accompagnement personnalis\u00e9.<\/li>\n<li style=\"text-align: center;\"><strong>Supervisions en groupe<\/strong> : pour b\u00e9n\u00e9ficier d\u2019une dynamique d\u2019\u00e9change entre pairs.<\/li>\n<li style=\"text-align: center;\"><strong>Supervisions ponctuelles ou r\u00e9guli\u00e8res<\/strong> : selon vos disponibilit\u00e9s et vos attentes.<\/li>\n<\/ul>\n<p>[\/vc_column_text]\t<\/div>\n<\/div><h4 class=\"qodef-accordion-title\">\n\t<span class=\"qodef-tab-title\">\n\t\tPublic concern\u00e9\t<\/span>\n\t<span class=\"qodef-accordion-mark\">\n\t\t<span class=\"qodef-icon--plus\">+<\/span>\n\t\t<span class=\"qodef-icon--minus\">\u2212<\/span>\n\t<\/span>\n<\/h4>\n<div class=\"qodef-accordion-content\">\n\t<div class=\"qodef-accordion-content-inner\">\n\t\t[vc_column_text]<\/p>\n<p style=\"text-align: center;\">Les supervisions s\u2019adressent \u00e0 :<\/p>\n<ul>\n<li style=\"text-align: center;\">Les professionnel\u00b7les en exercice cherchant \u00e0 approfondir leur pratique.<\/li>\n<li style=\"text-align: center;\">Les jeunes dipl\u00f4m\u00e9\u00b7es d\u00e9butant\u00b7e dans le m\u00e9tier.<\/li>\n<li style=\"text-align: center;\">Les professionnel\u00b7es souhaitant explorer une approche ou un domaine sp\u00e9cifique.<\/li>\n<\/ul>\n<p>[\/vc_column_text]\t<\/div>\n<\/div><\/div>[vc_empty_space][\/vc_column][\/vc_row][vc_row row_content_width=&#8221;grid&#8221; content_text_alignment=&#8221;center&#8221;][vc_column][vc_column_text]<\/p>\n<h3><strong>Contactez-nous !<\/strong><\/h3>\n<p>Pour toute information compl\u00e9mentaire ou pour r\u00e9server une supervision, contactez notre \u00e9quipe via le formulaire en ligne.<\/p>\n<p>Nous serons ravis de vous accompagner dans votre perfectionnement professionnel ![\/vc_column_text]\n<div class=\"wpcf7 no-js\" id=\"wpcf7-f4375-o1\" lang=\"en-US\" dir=\"ltr\" data-wpcf7-id=\"4375\">\n<div class=\"screen-reader-response\"><p role=\"status\" aria-live=\"polite\" aria-atomic=\"true\"><\/p> <ul><\/ul><\/div>\n<form action=\"\/index.php\/wp-json\/wp\/v2\/pages\/4408#wpcf7-f4375-o1\" method=\"post\" class=\"wpcf7-form init\" aria-label=\"Contact form\" enctype=\"multipart\/form-data\" novalidate=\"novalidate\" data-status=\"init\">\n<fieldset class=\"hidden-fields-container\"><input type=\"hidden\" name=\"_wpcf7\" value=\"4375\" \/><input type=\"hidden\" name=\"_wpcf7_version\" value=\"6.1.5\" \/><input type=\"hidden\" name=\"_wpcf7_locale\" value=\"en_US\" \/><input type=\"hidden\" name=\"_wpcf7_unit_tag\" value=\"wpcf7-f4375-o1\" \/><input type=\"hidden\" name=\"_wpcf7_container_post\" value=\"0\" \/><input type=\"hidden\" name=\"_wpcf7_posted_data_hash\" value=\"\" \/>\n<\/fieldset>\n<div class=\"qodef-contat-form-form-3 qodef-cf7-custom-fields-bg qodef-cf7-custom-no-margin\">\n\t<div class=\"qodef-grid qodef-layout--columns qodef-col-num--2 qodef-gutter--tiny\">\n\t\t<div class=\"qodef-grid-inner\">\n\t\t\t<div class=\"qodef-grid-item\">\n\t\t\t\t<div class=\"qodef-col-num--6\">\n\t\t\t\t\t<p><span class=\"wpcf7-form-control-wrap\" data-name=\"your-name\"><input size=\"40\" maxlength=\"400\" class=\"wpcf7-form-control wpcf7-text wpcf7-validates-as-required\" aria-required=\"true\" aria-invalid=\"false\" placeholder=\"Votre nom\" value=\"\" type=\"text\" name=\"your-name\" \/><\/span>\n\t\t\t\t\t<\/p>\n\t\t\t\t<\/div>\n\t\t\t<\/div>\n\t\t\t<div class=\"qodef-grid-item\">\n\t\t\t\t<div class=\"qodef-col-num--6\">\n\t\t\t\t\t<p><span class=\"wpcf7-form-control-wrap\" data-name=\"your-name\"><input size=\"40\" maxlength=\"400\" class=\"wpcf7-form-control wpcf7-text wpcf7-validates-as-required\" aria-required=\"true\" aria-invalid=\"false\" placeholder=\"Votre pr\u00e9nom\" value=\"\" type=\"text\" name=\"your-name\" \/><\/span>\n\t\t\t\t\t<\/p>\n\t\t\t\t<\/div>\n\t\t\t<\/div>\n\t\t\t<div class=\"qodef-grid-item\">\n\t\t\t\t<div class=\"qodef-col-num--6\">\n\t\t\t\t\t<p><span class=\"wpcf7-form-control-wrap\" data-name=\"tel-414\"><input size=\"40\" maxlength=\"400\" class=\"wpcf7-form-control wpcf7-tel wpcf7-text wpcf7-validates-as-tel\" aria-invalid=\"false\" placeholder=\"Votre num\u00e9ro de t\u00e9l\u00e9phone\" value=\"\" type=\"tel\" name=\"tel-414\" \/><\/span>\n\t\t\t\t\t<\/p>\n\t\t\t\t<\/div>\n\t\t\t<\/div>\n\t\t\t<div class=\"qodef-grid-item\">\n\t\t\t\t<div class=\"qodef-col-num--6\">\n\t\t\t\t\t<p><span class=\"wpcf7-form-control-wrap\" data-name=\"your-email\"><input size=\"40\" maxlength=\"400\" class=\"wpcf7-form-control wpcf7-email wpcf7-validates-as-required wpcf7-text wpcf7-validates-as-email\" aria-required=\"true\" aria-invalid=\"false\" placeholder=\"Votre e-mail*\" value=\"\" type=\"email\" name=\"your-email\" \/><\/span>\n\t\t\t\t\t<\/p>\n\t\t\t\t<\/div>\n\t\t\t<\/div>\n\t\t\t<div class=\"qodef-grid-item\">\n\t\t\t\t<div class=\"qodef-col-num--6 qodef-select-change\">\n\t\t\t\t\t<p><span class=\"wpcf7-form-control-wrap\" data-name=\"menu-162\"><select class=\"wpcf7-form-control wpcf7-select\" aria-invalid=\"false\" name=\"menu-162\"><option value=\"---\">---<\/option><option value=\"Coaching\">Coaching<\/option><option value=\"Logop\u00e9die\">Logop\u00e9die<\/option><option value=\"Psychologie\">Psychologie<\/option><option value=\"Psychiatrie\">Psychiatrie<\/option><option value=\"Neurologie\">Neurologie<\/option><option value=\"Neuropsychologie\">Neuropsychologie<\/option><option value=\"Autres\">Autres<\/option><\/select><\/span>\n\t\t\t\t\t<\/p>\n\t\t\t\t<\/div>\n\t\t\t<\/div>\n\t\t\t<div class=\"qodef-grid-item\">\n\t\t\t\t<div class=\"qodef-col-num--6\">\n\t\t\t\t\t<p><span class=\"wpcf7-form-control-wrap\" data-name=\"Curriculum-Vitae\"><input size=\"40\" class=\"wpcf7-form-control wpcf7-file\" accept=\"\" aria-invalid=\"false\" type=\"file\" name=\"Curriculum-Vitae\" \/><\/span>\n\t\t\t\t\t<\/p>\n\t\t\t\t<\/div>\n\t\t\t<\/div>\n\t\t\t<div class=\"qodef-grid-item\">\n\t\t\t\t<div class=\"qodef-col-num--6\">\n\t\t\t\t\t<p><span class=\"wpcf7-form-control-wrap\" data-name=\"Lettre-de-motivation\"><input size=\"40\" class=\"wpcf7-form-control wpcf7-file\" accept=\"\" aria-invalid=\"false\" type=\"file\" name=\"Lettre-de-motivation\" \/><\/span>\n\t\t\t\t\t<\/p>\n\t\t\t\t<\/div>\n\t\t\t<\/div>\n\t\t<\/div>\n\t<\/div>\n\t<p><span class=\"wpcf7-form-control-wrap\" data-name=\"your-message\"><textarea cols=\"40\" rows=\"6\" maxlength=\"2000\" class=\"wpcf7-form-control wpcf7-textarea\" aria-invalid=\"false\" placeholder=\"Votre message\" name=\"your-message\"><\/textarea><\/span>\n\t<\/p>\n\t<p><button class=\"wpcf7-form-control wpcf7-submit qodef-button qodef-size--normal qodef-type--filled qodef-m\" type=\"submit\"><span class=\"qodef-m-text\">Soumettre<\/span><\/button>\n\t<\/p>\n<\/div><div class=\"wpcf7-response-output\" aria-hidden=\"true\"><\/div>\n<\/form>\n<\/div>\n[\/vc_column][\/vc_row]<\/p>\n","protected":false},"excerpt":{"rendered":"<p>[vc_row row_content_width=&#8221;grid&#8221; content_text_alignment=&#8221;center&#8221;][vc_column][vc_column_text] Perfectionnez vos comp\u00e9tences et enrichissez votre clinique chez BrainCair ! Les supervisions professionnelles propos\u00e9es au centre BrainCair sont con\u00e7ues pour les professionnel\u00b7les de sant\u00e9 souhaitant b\u00e9n\u00e9ficier d\u2019un accompagnement pour am\u00e9liorer leur pratique. [\/vc_column_text][\/vc_column][\/vc_row][vc_row row_content_width=&#8221;grid&#8221; content_text_alignment=&#8221;center&#8221; css=&#8221;.vc_custom_1733177582693{background-color: #f6f3ee !important;}&#8221;][vc_column][vc_empty_space][\/vc_column][\/vc_row][vc_row row_content_width=&#8221;grid&#8221; content_text_alignment=&#8221;center&#8221;][vc_column][vc_column_text] Contactez-nous ! Pour toute information compl\u00e9mentaire ou pour r\u00e9server une supervision, contactez [&hellip;]<\/p>\n","protected":false},"author":2,"featured_media":0,"parent":4244,"menu_order":0,"comment_status":"closed","ping_status":"closed","template":"","meta":{"footnotes":""},"class_list":["post-4408","page","type-page","status-publish","hentry"],"yoast_head":"<!-- This site is optimized with the Yoast SEO plugin v24.4 - https:\/\/yoast.com\/wordpress\/plugins\/seo\/ -->\n<title>Supervisions - BrainCair<\/title>\n<meta name=\"robots\" content=\"index, follow, max-snippet:-1, max-image-preview:large, max-video-preview:-1\" \/>\n<link rel=\"canonical\" href=\"https:\/\/braincair.com\/index.php\/professionnel-les\/supervisions\/\" \/>\n<meta property=\"og:locale\" content=\"en_US\" \/>\n<meta property=\"og:type\" content=\"article\" \/>\n<meta property=\"og:title\" content=\"Supervisions - BrainCair\" \/>\n<meta property=\"og:description\" content=\"[vc_row row_content_width=&#8221;grid&#8221; content_text_alignment=&#8221;center&#8221;][vc_column][vc_column_text] Perfectionnez vos comp\u00e9tences et enrichissez votre clinique chez BrainCair ! Les supervisions professionnelles propos\u00e9es au centre BrainCair sont con\u00e7ues pour les professionnel\u00b7les de sant\u00e9 souhaitant b\u00e9n\u00e9ficier d\u2019un accompagnement pour am\u00e9liorer leur pratique. [\/vc_column_text][\/vc_column][\/vc_row][vc_row row_content_width=&#8221;grid&#8221; content_text_alignment=&#8221;center&#8221; css=&#8221;.vc_custom_1733177582693{background-color: #f6f3ee !important;}&#8221;][vc_column][vc_empty_space][\/vc_column][\/vc_row][vc_row row_content_width=&#8221;grid&#8221; content_text_alignment=&#8221;center&#8221;][vc_column][vc_column_text] Contactez-nous ! Pour toute information compl\u00e9mentaire ou pour r\u00e9server une supervision, contactez [&hellip;]\" \/>\n<meta property=\"og:url\" content=\"https:\/\/braincair.com\/index.php\/professionnel-les\/supervisions\/\" \/>\n<meta property=\"og:site_name\" content=\"BrainCair\" \/>\n<meta property=\"article:publisher\" content=\"https:\/\/www.facebook.com\/profile.php?id=61551929916385\" \/>\n<meta property=\"article:modified_time\" content=\"2025-01-09T20:51:54+00:00\" \/>\n<meta name=\"twitter:card\" content=\"summary_large_image\" \/>\n<meta name=\"twitter:label1\" content=\"Est. reading time\" \/>\n\t<meta name=\"twitter:data1\" content=\"2 minutes\" \/>\n<script type=\"application\/ld+json\" class=\"yoast-schema-graph\">{\"@context\":\"https:\/\/schema.org\",\"@graph\":[{\"@type\":\"WebPage\",\"@id\":\"https:\/\/braincair.com\/index.php\/professionnel-les\/supervisions\/\",\"url\":\"https:\/\/braincair.com\/index.php\/professionnel-les\/supervisions\/\",\"name\":\"Supervisions - BrainCair\",\"isPartOf\":{\"@id\":\"https:\/\/braincair.com\/#website\"},\"datePublished\":\"2024-11-26T00:18:14+00:00\",\"dateModified\":\"2025-01-09T20:51:54+00:00\",\"breadcrumb\":{\"@id\":\"https:\/\/braincair.com\/index.php\/professionnel-les\/supervisions\/#breadcrumb\"},\"inLanguage\":\"en-US\",\"potentialAction\":[{\"@type\":\"ReadAction\",\"target\":[\"https:\/\/braincair.com\/index.php\/professionnel-les\/supervisions\/\"]}]},{\"@type\":\"BreadcrumbList\",\"@id\":\"https:\/\/braincair.com\/index.php\/professionnel-les\/supervisions\/#breadcrumb\",\"itemListElement\":[{\"@type\":\"ListItem\",\"position\":1,\"name\":\"Home\",\"item\":\"https:\/\/braincair.com\/\"},{\"@type\":\"ListItem\",\"position\":2,\"name\":\"Professionnel\u00b7les\",\"item\":\"https:\/\/braincair.com\/index.php\/professionnel-les\/\"},{\"@type\":\"ListItem\",\"position\":3,\"name\":\"Supervisions\"}]},{\"@type\":\"WebSite\",\"@id\":\"https:\/\/braincair.com\/#website\",\"url\":\"https:\/\/braincair.com\/\",\"name\":\"BrainCair\",\"description\":\"Du myst\u00e8re de l&#039;esprit \u00e0 la maitrise de la vie\",\"publisher\":{\"@id\":\"https:\/\/braincair.com\/#organization\"},\"potentialAction\":[{\"@type\":\"SearchAction\",\"target\":{\"@type\":\"EntryPoint\",\"urlTemplate\":\"https:\/\/braincair.com\/?s={search_term_string}\"},\"query-input\":{\"@type\":\"PropertyValueSpecification\",\"valueRequired\":true,\"valueName\":\"search_term_string\"}}],\"inLanguage\":\"en-US\"},{\"@type\":\"Organization\",\"@id\":\"https:\/\/braincair.com\/#organization\",\"name\":\"BrainCair\",\"url\":\"https:\/\/braincair.com\/\",\"logo\":{\"@type\":\"ImageObject\",\"inLanguage\":\"en-US\",\"@id\":\"https:\/\/braincair.com\/#\/schema\/logo\/image\/\",\"url\":\"https:\/\/braincair.com\/wp-content\/uploads\/2024\/07\/cropped-BrainCairLogotype.png\",\"contentUrl\":\"https:\/\/braincair.com\/wp-content\/uploads\/2024\/07\/cropped-BrainCairLogotype.png\",\"width\":2481,\"height\":2481,\"caption\":\"BrainCair\"},\"image\":{\"@id\":\"https:\/\/braincair.com\/#\/schema\/logo\/image\/\"},\"sameAs\":[\"https:\/\/www.facebook.com\/profile.php?id=61551929916385\",\"https:\/\/www.instagram.com\/braincair\/\",\"https:\/\/www.linkedin.com\/company\/braincair\/\"]}]}<\/script>\n<!-- \/ Yoast SEO plugin. -->","yoast_head_json":{"title":"Supervisions - BrainCair","robots":{"index":"index","follow":"follow","max-snippet":"max-snippet:-1","max-image-preview":"max-image-preview:large","max-video-preview":"max-video-preview:-1"},"canonical":"https:\/\/braincair.com\/index.php\/professionnel-les\/supervisions\/","og_locale":"en_US","og_type":"article","og_title":"Supervisions - BrainCair","og_description":"[vc_row row_content_width=&#8221;grid&#8221; content_text_alignment=&#8221;center&#8221;][vc_column][vc_column_text] Perfectionnez vos comp\u00e9tences et enrichissez votre clinique chez BrainCair ! Les supervisions professionnelles propos\u00e9es au centre BrainCair sont con\u00e7ues pour les professionnel\u00b7les de sant\u00e9 souhaitant b\u00e9n\u00e9ficier d\u2019un accompagnement pour am\u00e9liorer leur pratique. [\/vc_column_text][\/vc_column][\/vc_row][vc_row row_content_width=&#8221;grid&#8221; content_text_alignment=&#8221;center&#8221; css=&#8221;.vc_custom_1733177582693{background-color: #f6f3ee !important;}&#8221;][vc_column][vc_empty_space][\/vc_column][\/vc_row][vc_row row_content_width=&#8221;grid&#8221; content_text_alignment=&#8221;center&#8221;][vc_column][vc_column_text] Contactez-nous ! Pour toute information compl\u00e9mentaire ou pour r\u00e9server une supervision, contactez [&hellip;]","og_url":"https:\/\/braincair.com\/index.php\/professionnel-les\/supervisions\/","og_site_name":"BrainCair","article_publisher":"https:\/\/www.facebook.com\/profile.php?id=61551929916385","article_modified_time":"2025-01-09T20:51:54+00:00","twitter_card":"summary_large_image","twitter_misc":{"Est. reading time":"2 minutes"},"schema":{"@context":"https:\/\/schema.org","@graph":[{"@type":"WebPage","@id":"https:\/\/braincair.com\/index.php\/professionnel-les\/supervisions\/","url":"https:\/\/braincair.com\/index.php\/professionnel-les\/supervisions\/","name":"Supervisions - BrainCair","isPartOf":{"@id":"https:\/\/braincair.com\/#website"},"datePublished":"2024-11-26T00:18:14+00:00","dateModified":"2025-01-09T20:51:54+00:00","breadcrumb":{"@id":"https:\/\/braincair.com\/index.php\/professionnel-les\/supervisions\/#breadcrumb"},"inLanguage":"en-US","potentialAction":[{"@type":"ReadAction","target":["https:\/\/braincair.com\/index.php\/professionnel-les\/supervisions\/"]}]},{"@type":"BreadcrumbList","@id":"https:\/\/braincair.com\/index.php\/professionnel-les\/supervisions\/#breadcrumb","itemListElement":[{"@type":"ListItem","position":1,"name":"Home","item":"https:\/\/braincair.com\/"},{"@type":"ListItem","position":2,"name":"Professionnel\u00b7les","item":"https:\/\/braincair.com\/index.php\/professionnel-les\/"},{"@type":"ListItem","position":3,"name":"Supervisions"}]},{"@type":"WebSite","@id":"https:\/\/braincair.com\/#website","url":"https:\/\/braincair.com\/","name":"BrainCair","description":"Du myst\u00e8re de l&#039;esprit \u00e0 la maitrise de la vie","publisher":{"@id":"https:\/\/braincair.com\/#organization"},"potentialAction":[{"@type":"SearchAction","target":{"@type":"EntryPoint","urlTemplate":"https:\/\/braincair.com\/?s={search_term_string}"},"query-input":{"@type":"PropertyValueSpecification","valueRequired":true,"valueName":"search_term_string"}}],"inLanguage":"en-US"},{"@type":"Organization","@id":"https:\/\/braincair.com\/#organization","name":"BrainCair","url":"https:\/\/braincair.com\/","logo":{"@type":"ImageObject","inLanguage":"en-US","@id":"https:\/\/braincair.com\/#\/schema\/logo\/image\/","url":"https:\/\/braincair.com\/wp-content\/uploads\/2024\/07\/cropped-BrainCairLogotype.png","contentUrl":"https:\/\/braincair.com\/wp-content\/uploads\/2024\/07\/cropped-BrainCairLogotype.png","width":2481,"height":2481,"caption":"BrainCair"},"image":{"@id":"https:\/\/braincair.com\/#\/schema\/logo\/image\/"},"sameAs":["https:\/\/www.facebook.com\/profile.php?id=61551929916385","https:\/\/www.instagram.com\/braincair\/","https:\/\/www.linkedin.com\/company\/braincair\/"]}]}},"_links":{"self":[{"href":"https:\/\/braincair.com\/index.php\/wp-json\/wp\/v2\/pages\/4408","targetHints":{"allow":["GET"]}}],"collection":[{"href":"https:\/\/braincair.com\/index.php\/wp-json\/wp\/v2\/pages"}],"about":[{"href":"https:\/\/braincair.com\/index.php\/wp-json\/wp\/v2\/types\/page"}],"author":[{"embeddable":true,"href":"https:\/\/braincair.com\/index.php\/wp-json\/wp\/v2\/users\/2"}],"replies":[{"embeddable":true,"href":"https:\/\/braincair.com\/index.php\/wp-json\/wp\/v2\/comments?post=4408"}],"version-history":[{"count":22,"href":"https:\/\/braincair.com\/index.php\/wp-json\/wp\/v2\/pages\/4408\/revisions"}],"predecessor-version":[{"id":4522,"href":"https:\/\/braincair.com\/index.php\/wp-json\/wp\/v2\/pages\/4408\/revisions\/4522"}],"up":[{"embeddable":true,"href":"https:\/\/braincair.com\/index.php\/wp-json\/wp\/v2\/pages\/4244"}],"wp:attachment":[{"href":"https:\/\/braincair.com\/index.php\/wp-json\/wp\/v2\/media?parent=4408"}],"curies":[{"name":"wp","href":"https:\/\/api.w.org\/{rel}","templated":true}]}}