{"id":4638,"date":"2025-08-27T21:30:27","date_gmt":"2025-08-27T21:30:27","guid":{"rendered":"https:\/\/braincair.com\/?page_id=4638"},"modified":"2025-09-02T08:06:16","modified_gmt":"2025-09-02T08:06:16","slug":"ateliers-edukid-bruxelles","status":"publish","type":"page","link":"https:\/\/braincair.com\/index.php\/ateliers-edukid-bruxelles\/","title":{"rendered":"EduKid"},"content":{"rendered":"<p>[vc_row row_content_width=&#8221;grid&#8221; content_text_alignment=&#8221;center&#8221;][vc_column][vc_column_text]<\/p>\n<h1 style=\"text-align: center;\" data-start=\"417\" data-end=\"774\">Ateliers pour enfants &amp; familles \u00e0 Bruxelles<\/h1>\n<p style=\"text-align: center;\" data-start=\"417\" data-end=\"774\">Les <strong data-start=\"421\" data-end=\"440\">ateliers EduKid<\/strong>, organis\u00e9s au centre <strong data-start=\"462\" data-end=\"498\">BrainCair Bruxelles (Rue Royale)<\/strong>, sont con\u00e7us pour accompagner les <strong data-start=\"533\" data-end=\"544\">enfants <\/strong>et leurs <strong data-start=\"554\" data-end=\"565\">parents<\/strong> dans le d\u00e9veloppement de l\u2019autonomie, de la confiance en soi et de la gestion des \u00e9motions.<br data-start=\"657\" data-end=\"660\" \/>Notre objectif : offrir aux familles un espace bienveillant et structur\u00e9 o\u00f9 chacun peut progresser \u00e0 son rythme.<\/p>\n<p>[\/vc_column_text][vc_empty_space][vc_column_text]<\/p>\n<h2 style=\"text-align: center;\" data-start=\"776\" data-end=\"826\">\ud83d\udc49 Trois formats compl\u00e9mentaires sont propos\u00e9s :<\/h2>\n<ul>\n<li data-start=\"829\" data-end=\"984\"><strong data-start=\"829\" data-end=\"849\">Ateliers enfants<\/strong> <em data-start=\"850\" data-end=\"891\">(gratuits \u2013 pris en charge par l\u2019INAMI)<\/em> : activit\u00e9s ludiques pour d\u00e9velopper l\u2019autonomie, la concentration et la confiance en soi.<\/li>\n<li data-start=\"987\" data-end=\"1127\"><strong data-start=\"987\" data-end=\"1013\">Ateliers parent\u2013enfant<\/strong> <em data-start=\"1014\" data-end=\"1034\">(gratuits \u2013 INAMI)<\/em> : des moments privil\u00e9gi\u00e9s de complicit\u00e9 et de coop\u00e9ration pour renforcer le lien familial.<\/li>\n<li data-start=\"1130\" data-end=\"1306\"><strong data-start=\"1130\" data-end=\"1150\">Ateliers parents<\/strong> <em data-start=\"1151\" data-end=\"1196\">(35 \u20ac \/ s\u00e9ance \u2013 forfait 4 s\u00e9ances : 120 \u20ac)<\/em> : guidance parentale et strat\u00e9gies pratiques pour accompagner votre enfant dans son autonomie au quotidien.<\/li>\n<\/ul>\n<p>[\/vc_column_text][vc_empty_space][vc_column_text]<\/p>\n<p style=\"text-align: center;\" data-start=\"1308\" data-end=\"1526\">Ces trois formats d\u2019ateliers EduKid \u00e0 Bruxelles sont compl\u00e9mentaires : les enfants y trouvent des <strong>outils concrets<\/strong> pour mieux grandir, tandis que les parents acqui\u00e8rent des ressources pour les accompagner sereinement.<\/p>\n<p>[\/vc_column_text][vc_empty_space][\/vc_column][\/vc_row][vc_row row_content_width=&#8221;grid&#8221; content_text_alignment=&#8221;center&#8221;][vc_column css=&#8221;.vc_custom_1756330803834{background-color: #f6f3ee !important;}&#8221;]<div class=\"qodef-shortcode qodef-m \ud83d\udc47 D\u00e9couvrez le d\u00e9tail de chaque atelier ci-dessous : qodef-accordion clear qodef-behavior--accordion qodef-layout--simple \">\n\t<h2 class=\"qodef-accordion-title\">\n\t<span class=\"qodef-tab-title\">\n\t\tAteliers enfants \u2013 Autonomie &amp; \u00e9motions (gratuits \u2013 INAMI)\t<\/span>\n\t<span class=\"qodef-accordion-mark\">\n\t\t<span class=\"qodef-icon--plus\">+<\/span>\n\t\t<span class=\"qodef-icon--minus\">\u2212<\/span>\n\t<\/span>\n<\/h2>\n<div class=\"qodef-accordion-content\">\n\t<div class=\"qodef-accordion-content-inner\">\n\t\t[vc_column_text]<\/p>\n<p style=\"text-align: center;\" data-start=\"402\" data-end=\"701\">Nos <strong data-start=\"406\" data-end=\"426\">ateliers enfants<\/strong> au centre <strong data-start=\"437\" data-end=\"460\">BrainCair Bruxelles<\/strong> offrent un espace ludique et bienveillant o\u00f9 les plus jeunes d\u00e9couvrent leurs ressources personnelles et gagnent en autonomie.<\/p>\n<p style=\"text-align: center;\" data-start=\"402\" data-end=\"701\"><br data-start=\"587\" data-end=\"590\" \/>\u00c0 travers des jeux, des activit\u00e9s cr\u00e9atives et des exercices adapt\u00e9s \u00e0 chaque \u00e2ge, les enfants apprennent \u00e0 :<\/p>\n<ul style=\"text-align: center;\" data-start=\"702\" data-end=\"866\">\n<li data-start=\"702\" data-end=\"742\">\n<p data-start=\"704\" data-end=\"742\">renforcer leur <strong data-start=\"719\" data-end=\"739\">confiance en soi<\/strong>,<\/p>\n<\/li>\n<li data-start=\"743\" data-end=\"795\">\n<p data-start=\"745\" data-end=\"795\">mieux comprendre et exprimer leurs <strong data-start=\"780\" data-end=\"792\">\u00e9motions<\/strong>,<\/p>\n<\/li>\n<li data-start=\"796\" data-end=\"866\">\n<p data-start=\"798\" data-end=\"866\">d\u00e9velopper leur <strong data-start=\"814\" data-end=\"863\">capacit\u00e9 de concentration et de planification<\/strong>.<\/p>\n<\/li>\n<\/ul>\n<p style=\"text-align: center;\" data-start=\"868\" data-end=\"1031\">Ces ateliers sont organis\u00e9s par tranches d\u2019\u00e2ge afin de garantir des activit\u00e9s adapt\u00e9es \u00e0 chaque \u00e9tape de d\u00e9veloppement.<\/p>\n<p>[\/vc_column_text][vc_empty_space][vc_column_text]<\/p>\n<p style=\"text-align: center;\" data-start=\"1033\" data-end=\"1194\">\ud83d\udccd <strong data-start=\"1036\" data-end=\"1046\">Lieu :<\/strong> BrainCair Bruxelles \u2013 Rue Royale<br data-start=\"1079\" data-end=\"1082\" \/>\ud83d\udcb0 <strong data-start=\"1085\" data-end=\"1133\">Tarif : gratuits gr\u00e2ce au soutien de l\u2019INAMI<\/strong><br data-start=\"1133\" data-end=\"1136\" \/>\ud83d\udcc5 <strong data-start=\"1139\" data-end=\"1192\">Sessions r\u00e9guli\u00e8res \u2013 groupes limit\u00e9s \u00e0 8 enfants<\/strong><\/p>\n<p>[\/vc_column_text][vc_empty_space]<a class=\"qodef-shortcode qodef-m  qodef-button qodef-layout--outlined  qodef-html--link\" href=\"https:\/\/braincair.com\/index.php\/inscription-groupes\/\" target=\"_self\"  >\n\t<span class=\"qodef-m-text\">Je r\u00e9serve une place pour mon enfant<\/span>\n<\/a>\t<\/div>\n<\/div><h3 class=\"qodef-accordion-title\">\n\t<span class=\"qodef-tab-title\">\n\t\tAteliers parent\u2013enfant \u2013 Complicit\u00e9 &amp; coop\u00e9ration (gratuits \u2013 INAMI)\t<\/span>\n\t<span class=\"qodef-accordion-mark\">\n\t\t<span class=\"qodef-icon--plus\">+<\/span>\n\t\t<span class=\"qodef-icon--minus\">\u2212<\/span>\n\t<\/span>\n<\/h3>\n<div class=\"qodef-accordion-content\">\n\t<div class=\"qodef-accordion-content-inner\">\n\t\t[vc_column_text]<\/p>\n<p style=\"text-align: center;\" data-start=\"1326\" data-end=\"1506\">Les <strong data-start=\"1330\" data-end=\"1363\">ateliers parent\u2013enfant EduKid<\/strong>, organis\u00e9s au <strong data-start=\"1378\" data-end=\"1408\">centre BrainCair Bruxelles<\/strong>, sont pens\u00e9s pour renforcer le lien familial.<\/p>\n<p style=\"text-align: center;\" data-start=\"1326\" data-end=\"1506\"><br data-start=\"1454\" data-end=\"1457\" \/>Parents et enfants participent ensemble \u00e0 des :<\/p>\n<ul style=\"text-align: center;\" data-start=\"1507\" data-end=\"1599\">\n<li data-start=\"1507\" data-end=\"1528\">\n<p data-start=\"1509\" data-end=\"1528\">jeux coop\u00e9ratifs,<\/p>\n<\/li>\n<li data-start=\"1529\" data-end=\"1558\">\n<p data-start=\"1531\" data-end=\"1558\">activit\u00e9s relationnelles,<\/p>\n<\/li>\n<li data-start=\"1559\" data-end=\"1599\">\n<p data-start=\"1561\" data-end=\"1599\">exercices de communication positive.<\/p>\n<\/li>\n<\/ul>\n<p style=\"text-align: center;\" data-start=\"1601\" data-end=\"1797\">Ces moments partag\u00e9s permettent de construire un climat familial plus apais\u00e9 et de d\u00e9velopper la confiance mutuelle. Ils favorisent aussi l\u2019int\u00e9gration des outils EduKid directement \u00e0 la maison.<\/p>\n<p>[\/vc_column_text][vc_empty_space][vc_column_text]<\/p>\n<p style=\"text-align: center;\" data-start=\"1799\" data-end=\"1956\">\ud83d\udccd <strong data-start=\"1802\" data-end=\"1812\">Lieu :<\/strong> BrainCair Bruxelles \u2013 Rue Royale<br data-start=\"1845\" data-end=\"1848\" \/>\ud83d\udcb0 <strong data-start=\"1851\" data-end=\"1899\">Tarif : gratuits gr\u00e2ce au soutien de l\u2019INAMI<\/strong><br data-start=\"1899\" data-end=\"1902\" \/>\ud83d\udcc5 <strong data-start=\"1905\" data-end=\"1954\">Sessions r\u00e9guli\u00e8res \u2013 nombre de places limit\u00e9<\/strong><\/p>\n<p>[\/vc_column_text][vc_empty_space]<a class=\"qodef-shortcode qodef-m  qodef-button qodef-layout--outlined  qodef-html--link\" href=\"https:\/\/braincair.com\/index.php\/inscription-groupes\/\" target=\"_self\"  >\n\t<span class=\"qodef-m-text\">Je d\u00e9couvre les ateliers parent\u2013enfant et je m\u2019inscris<\/span>\n<\/a>\t<\/div>\n<\/div><h3 class=\"qodef-accordion-title\">\n\t<span class=\"qodef-tab-title\">\n\t\tAteliers parents \u2013 Guidance &amp; strat\u00e9gies \u00e9ducatives (payants)\t<\/span>\n\t<span class=\"qodef-accordion-mark\">\n\t\t<span class=\"qodef-icon--plus\">+<\/span>\n\t\t<span class=\"qodef-icon--minus\">\u2212<\/span>\n\t<\/span>\n<\/h3>\n<div class=\"qodef-accordion-content\">\n\t<div class=\"qodef-accordion-content-inner\">\n\t\t[vc_column_text]<\/p>\n<ul>\n<li style=\"text-align: center;\" data-start=\"2105\" data-end=\"2574\">Accompagner un enfant vers l\u2019autonomie ne va pas de soi. Les <strong data-start=\"2166\" data-end=\"2193\">ateliers parents EduKid<\/strong>, propos\u00e9s \u00e0 <strong data-start=\"2206\" data-end=\"2229\">BrainCair Bruxelles<\/strong>, offrent un espace d\u2019\u00e9changes et de pratiques concr\u00e8tes pour :<br data-start=\"2292\" data-end=\"2295\" \/>\u2714\ufe0f Comprendre les besoins sp\u00e9cifiques de votre enfant,<br data-start=\"2349\" data-end=\"2352\" \/>\u2714\ufe0f Poser un cadre s\u00e9curisant tout en encourageant son autonomie,<br data-start=\"2416\" data-end=\"2419\" \/>\u2714\ufe0f D\u00e9couvrir des <strong data-start=\"2436\" data-end=\"2482\">strat\u00e9gies \u00e9ducatives simples et efficaces<\/strong> applicables au quotidien,<br data-start=\"2508\" data-end=\"2511\" \/>\u2714\ufe0f \u00c9changer avec d\u2019autres parents confront\u00e9s aux m\u00eames d\u00e9fis.<\/li>\n<\/ul>\n<p style=\"text-align: center;\" data-start=\"2576\" data-end=\"2709\">Ces ateliers apportent des outils issus de la psychologie et de la neuropsychologie, dans une ambiance conviviale et bienveillante.<\/p>\n<p>[\/vc_column_text][vc_empty_space][vc_column_text]<\/p>\n<p style=\"text-align: center;\" data-start=\"2711\" data-end=\"2900\">\ud83d\udccd <strong data-start=\"2714\" data-end=\"2724\">Lieu :<\/strong> BrainCair Bruxelles \u2013 Rue Royale<br data-start=\"2757\" data-end=\"2760\" \/>\ud83d\udcb0 <strong data-start=\"2763\" data-end=\"2823\">Tarif : 35 \u20ac \/ s\u00e9ance (1h30) \u2013 Forfait 4 s\u00e9ances : 120 \u20ac<\/strong><br data-start=\"2823\" data-end=\"2826\" \/>\ud83d\udcc5 <strong data-start=\"2829\" data-end=\"2898\">Sessions r\u00e9guli\u00e8res \u2013 groupes limit\u00e9s pour favoriser les \u00e9changes<\/strong><\/p>\n<p>[\/vc_column_text][vc_empty_space]<a class=\"qodef-shortcode qodef-m  qodef-button qodef-layout--outlined  qodef-html--link\" href=\"https:\/\/braincair.com\/index.php\/inscription-groupes\/\" target=\"_self\"  >\n\t<span class=\"qodef-m-text\">Je m\u2019inscris \u00e0 un atelier Parents<\/span>\n<\/a>\t<\/div>\n<\/div><\/div>[vc_empty_space][\/vc_column][\/vc_row][vc_row][vc_column][vc_empty_space][vc_column_text]<\/p>\n<h2 style=\"text-align: center;\">\ud83c\udf1f Pourquoi choisir EduKid ?<\/h2>\n<p>[\/vc_column_text]<div class=\"qodef-shortcode qodef-m  qodef-icon-with-text qodef-layout--before-content qodef--icon-pack qodef--has-appear-animation\">\n\t<div class=\"qodef-m-icon-wrapper\">\n\t\t<span class=\"qodef-shortcode qodef-m  qodef-icon-holder qodef-size--default qodef-layout--normal\"  >\t            <\/span>\t<\/div>\n\t<div class=\"qodef-m-content\">\n\t\t\t\t\t<\/div>\n<\/div>[vc_empty_space][\/vc_column][\/vc_row][vc_row][vc_column width=&#8221;1\/2&#8243;]<div class=\"qodef-shortcode qodef-m  qodef-icon-with-text qodef-layout--before-content qodef--icon-pack qodef--has-appear-animation\">\n\t<div class=\"qodef-m-icon-wrapper\">\n\t\t<span class=\"qodef-shortcode qodef-m  qodef-icon-holder qodef-size--default qodef-layout--normal\"  >\t        <span class=\"qodef-icon-ionicons ion-ios-home qodef-icon qodef-e\" style=\"\" ><\/span>    <\/span>\t<\/div>\n\t<div class=\"qodef-m-content\">\n\t\t\t<h3 class=\"qodef-m-title\" >\n\t\t\t\t\t<span class=\"qodef-m-title-text\">Des outils concrets pour la maison et l\u2019\u00e9cole<\/span>\n\t\t\t<\/h3>\n\t\t\t<p class=\"qodef-m-text\" >Chaque s\u00e9ance propose des exercices pratiques et des strat\u00e9gies simples, \u00e0 r\u00e9utiliser au quotidien par les enfants et les parents.<\/p>\n\t<\/div>\n<\/div>[vc_empty_space]<div class=\"qodef-shortcode qodef-m  qodef-icon-with-text qodef-layout--before-content qodef--icon-pack qodef--has-appear-animation\">\n\t<div class=\"qodef-m-icon-wrapper\">\n\t\t<span class=\"qodef-shortcode qodef-m  qodef-icon-holder qodef-size--default qodef-layout--normal\"  >\t        <span class=\"qodef-icon-ionicons ion-ios-airplane qodef-icon qodef-e\" style=\"\" ><\/span>    <\/span>\t<\/div>\n\t<div class=\"qodef-m-content\">\n\t\t\t<h3 class=\"qodef-m-title\" >\n\t\t\t\t\t<span class=\"qodef-m-title-text\">Des programmes adapt\u00e9s \u00e0 chaque \u00e2ge<\/span>\n\t\t\t<\/h3>\n\t\t\t<p class=\"qodef-m-text\" >Groupes par tranches d\u2019\u00e2ge (6\u20138 ans, 8\u201312 ans, 12\u201314 ans, 14\u201318 ans), pour un contenu toujours pertinent et motivant.<\/p>\n\t<\/div>\n<\/div>[vc_empty_space][\/vc_column][vc_column width=&#8221;1\/2&#8243;]<div class=\"qodef-shortcode qodef-m  qodef-icon-with-text qodef-layout--before-content qodef--icon-pack qodef--has-appear-animation\">\n\t<div class=\"qodef-m-icon-wrapper\">\n\t\t<span class=\"qodef-shortcode qodef-m  qodef-icon-holder qodef-size--default qodef-layout--normal\"  >\t        <span class=\"qodef-icon-ionicons ion-ios-document qodef-icon qodef-e\" style=\"\" ><\/span>    <\/span>\t<\/div>\n\t<div class=\"qodef-m-content\">\n\t\t\t<h3 class=\"qodef-m-title\" >\n\t\t\t\t\t<span class=\"qodef-m-title-text\">Des ateliers anim\u00e9s par des professionnels<\/span>\n\t\t\t<\/h3>\n\t\t\t<p class=\"qodef-m-text\" >Psychologues, neuropsychologues et logop\u00e8des sp\u00e9cialis\u00e9s dans le d\u00e9veloppement de l\u2019enfant.&lt;br \/&gt;\nIls appliquent le Protocole CARE, qui associe rigueur scientifique et p\u00e9dagogie ludique.<\/p>\n\t<\/div>\n<\/div>[vc_empty_space]<div class=\"qodef-shortcode qodef-m  qodef-icon-with-text qodef-layout--before-content qodef--icon-pack qodef--has-appear-animation\">\n\t<div class=\"qodef-m-icon-wrapper\">\n\t\t<span class=\"qodef-shortcode qodef-m  qodef-icon-holder qodef-size--default qodef-layout--normal\"  >\t        <span class=\"qodef-icon-ionicons ion-ios-document qodef-icon qodef-e\" style=\"\" ><\/span>    <\/span>\t<\/div>\n\t<div class=\"qodef-m-content\">\n\t\t\t<h3 class=\"qodef-m-title\" >\n\t\t\t\t\t<span class=\"qodef-m-title-text\">Un cadre bienveillant et s\u00e9curisant<\/span>\n\t\t\t<\/h3>\n\t\t\t<p class=\"qodef-m-text\" >Groupes \u00e0 taille humaine, climat chaleureux et suivi personnalis\u00e9.&lt;br \/&gt;\nChaque enfant est encourag\u00e9 \u00e0 s\u2019exprimer, coop\u00e9rer et progresser en confiance.<\/p>\n\t<\/div>\n<\/div>[vc_empty_space][\/vc_column][\/vc_row][vc_row][vc_column width=&#8221;1\/3&#8243;][\/vc_column][vc_column width=&#8221;1\/3&#8243;]<div class=\"qodef-shortcode qodef-m  qodef-icon-with-text qodef-layout--before-content qodef--icon-pack qodef--has-appear-animation\">\n\t<div class=\"qodef-m-icon-wrapper\">\n\t\t<span class=\"qodef-shortcode qodef-m  qodef-icon-holder qodef-size--default qodef-layout--normal\"  >\t        <span class=\"qodef-icon-ionicons ion-ios-airplane qodef-icon qodef-e\" style=\"\" ><\/span>    <\/span>\t<\/div>\n\t<div class=\"qodef-m-content\">\n\t\t\t<h3 class=\"qodef-m-title\" >\n\t\t\t\t\t<span class=\"qodef-m-title-text\">Des ateliers accessibles \u00e0 tous (INAMI)<\/span>\n\t\t\t<\/h3>\n\t\t\t<p class=\"qodef-m-text\" >Les ateliers enfants et parent\u2013enfant sont gratuits, car pris en charge par l\u2019INAMI : une opportunit\u00e9 unique pour toutes les familles de Bruxelles<\/p>\n\t<\/div>\n<\/div>[vc_empty_space][\/vc_column][vc_column width=&#8221;1\/3&#8243;][\/vc_column][\/vc_row]<\/p>\n","protected":false},"excerpt":{"rendered":"<p>[vc_row row_content_width=&#8221;grid&#8221; content_text_alignment=&#8221;center&#8221;][vc_column][vc_column_text] Ateliers pour enfants &amp; familles \u00e0 Bruxelles Les ateliers EduKid, organis\u00e9s au centre BrainCair Bruxelles (Rue Royale), sont con\u00e7us pour accompagner les enfants et leurs parents dans le d\u00e9veloppement de l\u2019autonomie, de la confiance en soi et de la gestion des \u00e9motions.Notre objectif : offrir aux familles un espace bienveillant et structur\u00e9 [&hellip;]<\/p>\n","protected":false},"author":2,"featured_media":0,"parent":0,"menu_order":0,"comment_status":"closed","ping_status":"closed","template":"","meta":{"footnotes":""},"class_list":["post-4638","page","type-page","status-publish","hentry"],"yoast_head":"<!-- This site is optimized with the Yoast SEO plugin v24.4 - https:\/\/yoast.com\/wordpress\/plugins\/seo\/ -->\n<title>EduKid \u2013 Ateliers enfants &amp; familles \u00e0 Bruxelles | BrainCair<\/title>\n<meta name=\"description\" content=\"Ateliers EduKid \u00e0 Bruxelles : autonomie, \u00e9motions et confiance en soi pour les enfants. Parent\u2013enfant gratuits (INAMI) et guidance parentale.\" \/>\n<meta name=\"robots\" content=\"index, follow, max-snippet:-1, max-image-preview:large, max-video-preview:-1\" \/>\n<link rel=\"canonical\" href=\"https:\/\/braincair.com\/index.php\/ateliers-edukid-bruxelles\/\" \/>\n<meta property=\"og:locale\" content=\"en_US\" \/>\n<meta property=\"og:type\" content=\"article\" \/>\n<meta property=\"og:title\" content=\"EduKid \u2013 Ateliers enfants &amp; familles \u00e0 Bruxelles | BrainCair\" \/>\n<meta property=\"og:description\" content=\"Ateliers EduKid \u00e0 Bruxelles : autonomie, \u00e9motions et confiance en soi pour les enfants. Parent\u2013enfant gratuits (INAMI) et guidance parentale.\" \/>\n<meta property=\"og:url\" content=\"https:\/\/braincair.com\/index.php\/ateliers-edukid-bruxelles\/\" \/>\n<meta property=\"og:site_name\" content=\"BrainCair\" \/>\n<meta property=\"article:publisher\" content=\"https:\/\/www.facebook.com\/profile.php?id=61551929916385\" \/>\n<meta property=\"article:modified_time\" content=\"2025-09-02T08:06:16+00:00\" \/>\n<meta name=\"twitter:card\" content=\"summary_large_image\" \/>\n<meta name=\"twitter:label1\" content=\"Est. reading time\" \/>\n\t<meta name=\"twitter:data1\" content=\"4 minutes\" \/>\n<script type=\"application\/ld+json\" class=\"yoast-schema-graph\">{\"@context\":\"https:\/\/schema.org\",\"@graph\":[{\"@type\":\"WebPage\",\"@id\":\"https:\/\/braincair.com\/index.php\/ateliers-edukid-bruxelles\/\",\"url\":\"https:\/\/braincair.com\/index.php\/ateliers-edukid-bruxelles\/\",\"name\":\"EduKid \u2013 Ateliers enfants & familles \u00e0 Bruxelles | BrainCair\",\"isPartOf\":{\"@id\":\"https:\/\/braincair.com\/#website\"},\"datePublished\":\"2025-08-27T21:30:27+00:00\",\"dateModified\":\"2025-09-02T08:06:16+00:00\",\"description\":\"Ateliers EduKid \u00e0 Bruxelles : autonomie, \u00e9motions et confiance en soi pour les enfants. Parent\u2013enfant gratuits (INAMI) et guidance parentale.\",\"breadcrumb\":{\"@id\":\"https:\/\/braincair.com\/index.php\/ateliers-edukid-bruxelles\/#breadcrumb\"},\"inLanguage\":\"en-US\",\"potentialAction\":[{\"@type\":\"ReadAction\",\"target\":[\"https:\/\/braincair.com\/index.php\/ateliers-edukid-bruxelles\/\"]}]},{\"@type\":\"BreadcrumbList\",\"@id\":\"https:\/\/braincair.com\/index.php\/ateliers-edukid-bruxelles\/#breadcrumb\",\"itemListElement\":[{\"@type\":\"ListItem\",\"position\":1,\"name\":\"Home\",\"item\":\"https:\/\/braincair.com\/\"},{\"@type\":\"ListItem\",\"position\":2,\"name\":\"EduKid\"}]},{\"@type\":\"WebSite\",\"@id\":\"https:\/\/braincair.com\/#website\",\"url\":\"https:\/\/braincair.com\/\",\"name\":\"BrainCair\",\"description\":\"Du myst\u00e8re de l&#039;esprit \u00e0 la maitrise de la vie\",\"publisher\":{\"@id\":\"https:\/\/braincair.com\/#organization\"},\"potentialAction\":[{\"@type\":\"SearchAction\",\"target\":{\"@type\":\"EntryPoint\",\"urlTemplate\":\"https:\/\/braincair.com\/?s={search_term_string}\"},\"query-input\":{\"@type\":\"PropertyValueSpecification\",\"valueRequired\":true,\"valueName\":\"search_term_string\"}}],\"inLanguage\":\"en-US\"},{\"@type\":\"Organization\",\"@id\":\"https:\/\/braincair.com\/#organization\",\"name\":\"BrainCair\",\"url\":\"https:\/\/braincair.com\/\",\"logo\":{\"@type\":\"ImageObject\",\"inLanguage\":\"en-US\",\"@id\":\"https:\/\/braincair.com\/#\/schema\/logo\/image\/\",\"url\":\"https:\/\/braincair.com\/wp-content\/uploads\/2024\/07\/cropped-BrainCairLogotype.png\",\"contentUrl\":\"https:\/\/braincair.com\/wp-content\/uploads\/2024\/07\/cropped-BrainCairLogotype.png\",\"width\":2481,\"height\":2481,\"caption\":\"BrainCair\"},\"image\":{\"@id\":\"https:\/\/braincair.com\/#\/schema\/logo\/image\/\"},\"sameAs\":[\"https:\/\/www.facebook.com\/profile.php?id=61551929916385\",\"https:\/\/www.instagram.com\/braincair\/\",\"https:\/\/www.linkedin.com\/company\/braincair\/\"]}]}<\/script>\n<!-- \/ Yoast SEO plugin. -->","yoast_head_json":{"title":"EduKid \u2013 Ateliers enfants & familles \u00e0 Bruxelles | BrainCair","description":"Ateliers EduKid \u00e0 Bruxelles : autonomie, \u00e9motions et confiance en soi pour les enfants. Parent\u2013enfant gratuits (INAMI) et guidance parentale.","robots":{"index":"index","follow":"follow","max-snippet":"max-snippet:-1","max-image-preview":"max-image-preview:large","max-video-preview":"max-video-preview:-1"},"canonical":"https:\/\/braincair.com\/index.php\/ateliers-edukid-bruxelles\/","og_locale":"en_US","og_type":"article","og_title":"EduKid \u2013 Ateliers enfants & familles \u00e0 Bruxelles | BrainCair","og_description":"Ateliers EduKid \u00e0 Bruxelles : autonomie, \u00e9motions et confiance en soi pour les enfants. Parent\u2013enfant gratuits (INAMI) et guidance parentale.","og_url":"https:\/\/braincair.com\/index.php\/ateliers-edukid-bruxelles\/","og_site_name":"BrainCair","article_publisher":"https:\/\/www.facebook.com\/profile.php?id=61551929916385","article_modified_time":"2025-09-02T08:06:16+00:00","twitter_card":"summary_large_image","twitter_misc":{"Est. reading time":"4 minutes"},"schema":{"@context":"https:\/\/schema.org","@graph":[{"@type":"WebPage","@id":"https:\/\/braincair.com\/index.php\/ateliers-edukid-bruxelles\/","url":"https:\/\/braincair.com\/index.php\/ateliers-edukid-bruxelles\/","name":"EduKid \u2013 Ateliers enfants & familles \u00e0 Bruxelles | BrainCair","isPartOf":{"@id":"https:\/\/braincair.com\/#website"},"datePublished":"2025-08-27T21:30:27+00:00","dateModified":"2025-09-02T08:06:16+00:00","description":"Ateliers EduKid \u00e0 Bruxelles : autonomie, \u00e9motions et confiance en soi pour les enfants. Parent\u2013enfant gratuits (INAMI) et guidance parentale.","breadcrumb":{"@id":"https:\/\/braincair.com\/index.php\/ateliers-edukid-bruxelles\/#breadcrumb"},"inLanguage":"en-US","potentialAction":[{"@type":"ReadAction","target":["https:\/\/braincair.com\/index.php\/ateliers-edukid-bruxelles\/"]}]},{"@type":"BreadcrumbList","@id":"https:\/\/braincair.com\/index.php\/ateliers-edukid-bruxelles\/#breadcrumb","itemListElement":[{"@type":"ListItem","position":1,"name":"Home","item":"https:\/\/braincair.com\/"},{"@type":"ListItem","position":2,"name":"EduKid"}]},{"@type":"WebSite","@id":"https:\/\/braincair.com\/#website","url":"https:\/\/braincair.com\/","name":"BrainCair","description":"Du myst\u00e8re de l&#039;esprit \u00e0 la maitrise de la vie","publisher":{"@id":"https:\/\/braincair.com\/#organization"},"potentialAction":[{"@type":"SearchAction","target":{"@type":"EntryPoint","urlTemplate":"https:\/\/braincair.com\/?s={search_term_string}"},"query-input":{"@type":"PropertyValueSpecification","valueRequired":true,"valueName":"search_term_string"}}],"inLanguage":"en-US"},{"@type":"Organization","@id":"https:\/\/braincair.com\/#organization","name":"BrainCair","url":"https:\/\/braincair.com\/","logo":{"@type":"ImageObject","inLanguage":"en-US","@id":"https:\/\/braincair.com\/#\/schema\/logo\/image\/","url":"https:\/\/braincair.com\/wp-content\/uploads\/2024\/07\/cropped-BrainCairLogotype.png","contentUrl":"https:\/\/braincair.com\/wp-content\/uploads\/2024\/07\/cropped-BrainCairLogotype.png","width":2481,"height":2481,"caption":"BrainCair"},"image":{"@id":"https:\/\/braincair.com\/#\/schema\/logo\/image\/"},"sameAs":["https:\/\/www.facebook.com\/profile.php?id=61551929916385","https:\/\/www.instagram.com\/braincair\/","https:\/\/www.linkedin.com\/company\/braincair\/"]}]}},"_links":{"self":[{"href":"https:\/\/braincair.com\/index.php\/wp-json\/wp\/v2\/pages\/4638","targetHints":{"allow":["GET"]}}],"collection":[{"href":"https:\/\/braincair.com\/index.php\/wp-json\/wp\/v2\/pages"}],"about":[{"href":"https:\/\/braincair.com\/index.php\/wp-json\/wp\/v2\/types\/page"}],"author":[{"embeddable":true,"href":"https:\/\/braincair.com\/index.php\/wp-json\/wp\/v2\/users\/2"}],"replies":[{"embeddable":true,"href":"https:\/\/braincair.com\/index.php\/wp-json\/wp\/v2\/comments?post=4638"}],"version-history":[{"count":29,"href":"https:\/\/braincair.com\/index.php\/wp-json\/wp\/v2\/pages\/4638\/revisions"}],"predecessor-version":[{"id":4679,"href":"https:\/\/braincair.com\/index.php\/wp-json\/wp\/v2\/pages\/4638\/revisions\/4679"}],"wp:attachment":[{"href":"https:\/\/braincair.com\/index.php\/wp-json\/wp\/v2\/media?parent=4638"}],"curies":[{"name":"wp","href":"https:\/\/api.w.org\/{rel}","templated":true}]}}